{"id":5074,"date":"2026-02-02T22:05:03","date_gmt":"2026-02-02T21:05:03","guid":{"rendered":"https:\/\/www.blzk.sk\/?page_id=5074"},"modified":"2026-02-02T22:26:42","modified_gmt":"2026-02-02T21:26:42","slug":"cenova-ponuka","status":"publish","type":"page","link":"https:\/\/www.blzk.sk\/en\/cenova-ponuka\/","title":{"rendered":"Cenov\u00e1 ponuka"},"content":{"rendered":"<div id=\"fws_69ece9c648423\"  data-column-margin=\"default\" data-midnight=\"dark\"  class=\"wpb_row vc_row-fluid vc_row\"  style=\"padding-top: 0px; padding-bottom: 0px; \"><div class=\"row-bg-wrap\" data-bg-animation=\"none\" data-bg-overlay=\"false\"><div class=\"inner-wrap\"><div class=\"row-bg\"  style=\"\"><\/div><\/div><\/div><div class=\"row_col_wrap_12 col span_12 dark left\">\n\t<div  class=\"vc_col-sm-12 wpb_column column_container vc_column_container col no-extra-padding inherit_tablet inherit_phone\"  data-padding-pos=\"all\" data-has-bg-color=\"false\" data-bg-color=\"\" data-bg-opacity=\"1\" data-animation=\"\" data-delay=\"0\" >\n\t\t<div class=\"vc_column-inner\" >\n\t\t\t<div class=\"wpb_wrapper\">\n\t\t\t\t\n\t<div class=\"wpb_raw_code wpb_content_element wpb_raw_html\" id=\"formular\">\n\t\t<div class=\"wpb_wrapper\">\n\t\t\t<div class=\"forminator-ui forminator-custom-form forminator-custom-form-2865 forminator-design--flat  forminator_ajax\" data-forminator-render=\"0\" data-form=\"forminator-module-2865\" data-uid=\"69ece9c6492b6\"><br\/><\/div><form\n\t\t\t\tid=\"forminator-module-2865\"\n\t\t\t\tclass=\"forminator-ui forminator-custom-form forminator-custom-form-2865 forminator-design--flat  forminator_ajax\"\n\t\t\t\tmethod=\"post\"\n\t\t\t\tdata-forminator-render=\"0\"\n\t\t\t\tdata-form-id=\"2865\"\n\t\t\t\t\n\t\t\t\tdata-design=\"flat\"\n\t\t\t\t\n\t\t\t\t\n\t\t\t\t\n\t\t\t\tdata-grid=\"open\"\n\t\t\t\tenctype=\"multipart\/form-data\"\n\t\t\t\t\n\t\t\t\tstyle=\"display: none;\"\n\t\t\t\t\n\t\t\t\tdata-uid=\"69ece9c6492b6\" action=\"\"\n\t\t\t><div role=\"alert\" aria-live=\"polite\" class=\"forminator-response-message forminator-error\" aria-hidden=\"true\"><\/div><div class=\"forminator-row\"><div id=\"name-1\" class=\"forminator-field-name forminator-col forminator-col-12\"><div class=\"forminator-field\"><label for=\"forminator-field-name-1_69ece9c6492b6\" id=\"forminator-field-name-1_69ece9c6492b6-label\" class=\"forminator-label\">Name<\/label><input type=\"text\" name=\"name-1\" value=\"\" placeholder=\"Your name\" id=\"forminator-field-name-1_69ece9c6492b6\" class=\"forminator-input forminator-name--field\" aria-required=\"false\" \/><\/div><\/div><\/div><div class=\"forminator-row\"><div id=\"email-1\" class=\"forminator-field-email forminator-col forminator-col-12\"><div class=\"forminator-field\"><label for=\"forminator-field-email-1_69ece9c6492b6\" id=\"forminator-field-email-1_69ece9c6492b6-label\" class=\"forminator-label\">Email <span class=\"forminator-required\">*<\/span><\/label><input type=\"email\" name=\"email-1\" value=\"\" placeholder=\"Your email address\" id=\"forminator-field-email-1_69ece9c6492b6\" class=\"forminator-input forminator-email--field\" data-required=\"true\" aria-required=\"true\" \/><\/div><\/div><\/div><div class=\"forminator-row\"><div id=\"phone-1\" class=\"forminator-field-phone forminator-col forminator-col-12\"><div class=\"forminator-field\"><label for=\"forminator-field-phone-1_69ece9c6492b6\" id=\"forminator-field-phone-1_69ece9c6492b6-label\" class=\"forminator-label\">Phone<\/label><input type=\"text\" name=\"phone-1\" value=\"\" placeholder=\"Your Phone number\" id=\"forminator-field-phone-1_69ece9c6492b6\" class=\"forminator-input forminator-field--phone\" data-required=\"\" aria-required=\"false\" autocomplete=\"off\" \/><\/div><\/div><\/div><div class=\"forminator-row\"><div id=\"textarea-1\" class=\"forminator-field-textarea forminator-col forminator-col-12\"><div class=\"forminator-field\"><label for=\"forminator-field-textarea-1_69ece9c6492b6\" id=\"forminator-field-textarea-1_69ece9c6492b6-label\" class=\"forminator-label\">Describe details <span class=\"forminator-required\">*<\/span><\/label><textarea name=\"textarea-1\" placeholder=\"\" id=\"forminator-field-textarea-1_69ece9c6492b6\" class=\"forminator-textarea\" rows=\"6\" style=\"min-height:140px;\" ><\/textarea><\/div><\/div><\/div><div class=\"forminator-row\"><div id=\"upload-1\" class=\"forminator-field-upload forminator-col forminator-col-12\"><div class=\"forminator-field\"><label for=\"forminator-field-upload-1_69ece9c6492b6\" id=\"forminator-field-upload-1_69ece9c6492b6-label\" class=\"forminator-label\">Attach files (max. 5 files and max. size 4MB\/file)<\/label><div class=\"forminator-multi-upload\" data-element=\"upload-1_69ece9c6492b6\" aria-describedby=\"forminator-field-upload-1_69ece9c6492b6-description\"><input type=\"file\" name=\"upload-1[]\" id=\"forminator-field-upload-1_69ece9c6492b6\" class=\"forminator-input-file forminator-field-upload-1_69ece9c6492b6-2865\" multiple=\"multiple\" data-method=\"ajax\" data-limit=\"5\" data-limit-message=\"You can upload a maximum of 5 files.\" data-size=\"4000000\" data-size-message=\"Maximum file size allowed is 4 MB. \"><div class=\"forminator-multi-upload-message\" aria-hidden=\"true\"><span class=\"forminator-icon-upload\" aria-hidden=\"true\"><\/span><p>Drag and Drop (or) <a class=\"forminator-upload-file--forminator-field-upload-1_69ece9c6492b6\" href=\"javascript:void(0)\">Choose Files<\/a><\/p><\/div><\/div><span id=\"forminator-field-upload-1_69ece9c6492b6-description\" class=\"forminator-description\">Current situation, floor plan, visualisations. In the case of larger attachments, please use e.g. the WeTransfer service<\/span><ul class=\"forminator-uploaded-files upload-container-upload-1_69ece9c6492b6\"><\/ul><\/div><\/div><\/div><div class=\"forminator-row\"><div id=\"captcha-1\" class=\"forminator-field-captcha forminator-col forminator-col-12\"><div class=\"forminator-g-recaptcha recaptcha-invisible\" data-theme=\"light\" data-badge=\"bottomright\" data-sitekey=\"6LcLL-sgAAAAAGFcuqAn0svaJuqj14Sc3usqrX3v\" data-size=\"invisible\"><\/div> <\/div><\/div><input type=\"hidden\" name=\"referer_url\" value=\"\" \/><div class=\"forminator-row forminator-row-last\"><div class=\"forminator-col\"><div class=\"forminator-field\"><button class=\"forminator-button forminator-button-submit contact-form-submit-btn\">Send<\/button><\/div><\/div><\/div><input type=\"hidden\" id=\"forminator_nonce\" name=\"forminator_nonce\" value=\"d6e2c5d965\" \/><input type=\"hidden\" name=\"_wp_http_referer\" value=\"\/en\/wp-json\/wp\/v2\/pages\/5074\" \/><input type=\"hidden\" name=\"form_id\" value=\"2865\"><input type=\"hidden\" name=\"page_id\" value=\"5074\"><input type=\"hidden\" name=\"form_type\" value=\"default\"><input type=\"hidden\" name=\"current_url\" value=\"https:\/\/www.blzk.sk\/en\/cenova-ponuka\/\"><input type=\"hidden\" name=\"render_id\" value=\"0\"><input type=\"hidden\" name=\"forminator-multifile-hidden\" class=\"forminator-multifile-hidden\"><input type=\"hidden\" name=\"action\" value=\"forminator_submit_form_custom-forms\"><label for=\"input_6\" class=\"forminator-hidden\" aria-hidden=\"true\">Please do not fill in this field. <input id=\"input_6\" type=\"text\" name=\"input_6\" value=\"\" autocomplete=\"off\"><\/label><input type=\"hidden\" name=\"trp-form-language\" value=\"en\"\/><\/form>\n\t\t<\/div>\n\t<\/div>\n\n\t<div class=\"wpb_raw_code wpb_raw_js\" >\n\t\t<div class=\"wpb_wrapper\">\n\t\t\t<script>\nif (document.URL.includes('\/en\/')) {\ndocument.title = \"Contact\";\n}\n\n<\/script>\n\n\t\t<\/div>\n\t<\/div>\n\n\t\t\t<\/div> \n\t\t<\/div>\n\t<\/div> \n<\/div><\/div>\r\n\t\t<div id=\"fws_69ece9c6614af\"  data-column-margin=\"default\" data-midnight=\"dark\"  class=\"wpb_row vc_row-fluid vc_row  mobile-row\"  style=\"padding-top: 0px; padding-bottom: 0px; \"><div class=\"row-bg-wrap\" data-bg-animation=\"none\" data-bg-overlay=\"false\"><div class=\"inner-wrap\"><div class=\"row-bg\"  style=\"\"><\/div><\/div><\/div><div class=\"row_col_wrap_12 col span_12 dark left\">\n\t<div  class=\"vc_col-sm-6 wpb_column column_container vc_column_container col no-extra-padding inherit_tablet inherit_phone\"  data-padding-pos=\"all\" data-has-bg-color=\"false\" data-bg-color=\"\" data-bg-opacity=\"1\" data-animation=\"\" data-delay=\"0\" >\n\t\t<div class=\"vc_column-inner\" >\n\t\t\t<div class=\"wpb_wrapper\">\n\t\t\t\t\r\n<div class=\"wpb_text_column wpb_content_element\" >\r\n\t<div class=\"wpb_wrapper\">\r\n\t\t<h3><strong>Contact<\/strong><\/h3>\n<p>headquarters: <a href=\"https:\/\/www.google.com\/maps\/place\/Bajkalsk%C3%A1+45,+821+05+Ru%C5%BEinov\/@48.138744,17.1534415,17z\/data=!3m1!4b1!4m5!3m4!1s0x476c89681daaa11b:0x9d7c5b5a4eb4be6f!8m2!3d48.1387404!4d17.1556355\" target=\"_blank\" rel=\"noopener noreferrer\">Bajkalsk\u00e1 45G, Bratislava<\/a><br \/>\ne-mail: info@blzk.sk<br \/>\ntel.: +421 902 099 437<\/p>\n\t<\/div>\r\n<\/div>\r\n\r\n\r\n\r\n<div class=\"nectar_icon_wrap\" data-style=\"default\" data-padding=\"10px\" data-color=\"accent-color\" style=\"\" >\r\n\t\t<div class=\"nectar_icon\" ><a href=\"https:\/\/www.facebook.com\/ADmatejbalazik\/\" target=\"_blank\"><\/a><i style=\"font-size: 24px; line-height: 24px; height: 24px; width: 24px;\" class=\"fa fa-facebook\"><\/i><\/div>\r\n\t<\/div><div class=\"nectar_icon_wrap\" data-style=\"default\" data-padding=\"10px\" data-color=\"accent-color\" style=\"\" >\r\n\t\t<div class=\"nectar_icon\" ><a href=\"https:\/\/www.facebook.com\/ADmatejbalazik\/\" target=\"_blank\"><\/a><i style=\"font-size: 24px; line-height: 24px; height: 24px; width: 24px;\" class=\"fa fa-instagram\"><\/i><\/div>\r\n\t<\/div>\r\n<div class=\"wpb_text_column wpb_content_element\" >\r\n\t<div class=\"wpb_wrapper\">\r\n\t\t<p>Pre presn\u00fa cenov\u00fa ponuku n\u00e1s prosim kontaktujte prostredn\u00edctvom <a href=\"#formular\">form\u00falara<\/a> ni\u017e\u0161ie alebo n\u00e1m za\u0161lite e-mail s podkladmi (p\u00f4dorys,fotografie,in\u0161pir\u00e1cie) a dopl\u0148uj\u00facimi inform\u00e1ciami na <a href=\"mailto:info@blzk.sk\">info@blzk.sk<\/a><\/p>\n\t<\/div>\r\n<\/div>\r\n\r\n\r\n\r\n\n\t\t\t<\/div> \n\t\t<\/div>\n\t<\/div> \n\n\t<div  class=\"vc_col-sm-6 wpb_column column_container vc_column_container col no-extra-padding inherit_tablet inherit_phone\"  data-padding-pos=\"all\" data-has-bg-color=\"false\" data-bg-color=\"\" data-bg-opacity=\"1\" data-animation=\"\" data-delay=\"0\" >\n\t\t<div class=\"vc_column-inner\" >\n\t\t\t<div class=\"wpb_wrapper\">\n\t\t\t\t\n\t<div class=\"wpb_raw_code wpb_content_element wpb_raw_html\" >\n\t\t<div class=\"wpb_wrapper\">\n\t\t\t<iframe class=\"map\" src=\"https:\/\/www.google.com\/maps\/embed?pb=!1m18!1m12!1m3!1d2662.518860771544!2d17.152992015002848!3d48.138801359055705!2m3!1f0!2f0!3f0!3m2!1i1024!2i768!4f13.1!3m3!1m2!1s0x476c88deabc7384b%3A0xe6aa504f2a5f7041!2sBajkalsk%C3%A1%2045G%2C%20821%2005%20Ru%C5%BEinov!5e0!3m2!1ssk!2ssk!4v1641300327328!5m2!1ssk!2ssk\" width=\"600\" height=\"300\" style=\"border:0;\" allowfullscreen=\"\" loading=\"lazy\"><\/iframe>\n\t\t<\/div>\n\t<\/div>\n\n\t\t\t<\/div> \n\t\t<\/div>\n\t<\/div> \n<\/div><\/div>","protected":false},"excerpt":{"rendered":"MenoEmail *Tel. \u010d\u00edsloPopis situ\u00e1cie *Pripoji\u0165 s\u00fabory (max. 5 s\u00faborov a max. ve\u013ekos\u0165 4MB\/s\u00fabor)Drag and Drop (or) Choose FilesAktu\u00e1lna situ\u00e1cia, p\u00f4dorys, vizu\u00e1liz\u00e1cie. V pr\u00edpade v\u00e4\u010d\u0161\u00edch pr\u00edloh vyu\u017eite pros\u00edm napr. slu\u017ebu WeTransfer...","protected":false},"author":2,"featured_media":0,"parent":0,"menu_order":0,"comment_status":"closed","ping_status":"closed","template":"","meta":{"footnotes":""},"yoast_head":"<!-- This site is optimized with the Yoast SEO plugin v21.1 - https:\/\/yoast.com\/wordpress\/plugins\/seo\/ -->\n<title>Cenov\u00e1 ponuka - BLZK<\/title>\n<meta name=\"robots\" content=\"index, follow, max-snippet:-1, max-image-preview:large, max-video-preview:-1\" \/>\n<link rel=\"canonical\" href=\"https:\/\/www.blzk.sk\/en\/cenova-ponuka\/\" \/>\n<meta property=\"og:locale\" content=\"en_GB\" \/>\n<meta property=\"og:type\" content=\"article\" \/>\n<meta property=\"og:title\" content=\"Cenov\u00e1 ponuka - BLZK\" \/>\n<meta property=\"og:url\" content=\"https:\/\/www.blzk.sk\/en\/cenova-ponuka\/\" \/>\n<meta property=\"og:site_name\" content=\"BLZK\" \/>\n<meta property=\"article:modified_time\" content=\"2026-02-02T21:26:42+00:00\" \/>\n<meta name=\"twitter:card\" content=\"summary_large_image\" \/>\n<meta name=\"twitter:label1\" content=\"Estimated reading time\" \/>\n\t<meta name=\"twitter:data1\" content=\"2 minutes\" \/>\n<script type=\"application\/ld+json\" class=\"yoast-schema-graph\">{\"@context\":\"https:\/\/schema.org\",\"@graph\":[{\"@type\":\"WebPage\",\"@id\":\"https:\/\/www.blzk.sk\/cenova-ponuka\/\",\"url\":\"https:\/\/www.blzk.sk\/cenova-ponuka\/\",\"name\":\"Cenov\u00e1 ponuka - BLZK\",\"isPartOf\":{\"@id\":\"https:\/\/www.blzk.sk\/#website\"},\"datePublished\":\"2026-02-02T21:05:03+00:00\",\"dateModified\":\"2026-02-02T21:26:42+00:00\",\"breadcrumb\":{\"@id\":\"https:\/\/www.blzk.sk\/cenova-ponuka\/#breadcrumb\"},\"inLanguage\":\"en-GB\",\"potentialAction\":[{\"@type\":\"ReadAction\",\"target\":[\"https:\/\/www.blzk.sk\/cenova-ponuka\/\"]}]},{\"@type\":\"BreadcrumbList\",\"@id\":\"https:\/\/www.blzk.sk\/cenova-ponuka\/#breadcrumb\",\"itemListElement\":[{\"@type\":\"ListItem\",\"position\":1,\"name\":\"Home\",\"item\":\"https:\/\/www.blzk.sk\/\"},{\"@type\":\"ListItem\",\"position\":2,\"name\":\"Cenov\u00e1 ponuka\"}]},{\"@type\":\"WebSite\",\"@id\":\"https:\/\/www.blzk.sk\/#website\",\"url\":\"https:\/\/www.blzk.sk\/\",\"name\":\"BLZK\",\"description\":\"architekt\u00fara a vizualiz\u00e1cie\",\"potentialAction\":[{\"@type\":\"SearchAction\",\"target\":{\"@type\":\"EntryPoint\",\"urlTemplate\":\"https:\/\/www.blzk.sk\/?s={search_term_string}\"},\"query-input\":\"required name=search_term_string\"}],\"inLanguage\":\"en-GB\"}]}<\/script>\n<!-- \/ Yoast SEO plugin. -->","yoast_head_json":{"title":"Cenov\u00e1 ponuka - BLZK","robots":{"index":"index","follow":"follow","max-snippet":"max-snippet:-1","max-image-preview":"max-image-preview:large","max-video-preview":"max-video-preview:-1"},"canonical":"https:\/\/www.blzk.sk\/en\/cenova-ponuka\/","og_locale":"en_GB","og_type":"article","og_title":"Cenov\u00e1 ponuka - BLZK","og_url":"https:\/\/www.blzk.sk\/en\/cenova-ponuka\/","og_site_name":"BLZK","article_modified_time":"2026-02-02T21:26:42+00:00","twitter_card":"summary_large_image","twitter_misc":{"Estimated reading time":"2 minutes"},"schema":{"@context":"https:\/\/schema.org","@graph":[{"@type":"WebPage","@id":"https:\/\/www.blzk.sk\/cenova-ponuka\/","url":"https:\/\/www.blzk.sk\/cenova-ponuka\/","name":"Cenov\u00e1 ponuka - BLZK","isPartOf":{"@id":"https:\/\/www.blzk.sk\/#website"},"datePublished":"2026-02-02T21:05:03+00:00","dateModified":"2026-02-02T21:26:42+00:00","breadcrumb":{"@id":"https:\/\/www.blzk.sk\/cenova-ponuka\/#breadcrumb"},"inLanguage":"en-GB","potentialAction":[{"@type":"ReadAction","target":["https:\/\/www.blzk.sk\/cenova-ponuka\/"]}]},{"@type":"BreadcrumbList","@id":"https:\/\/www.blzk.sk\/cenova-ponuka\/#breadcrumb","itemListElement":[{"@type":"ListItem","position":1,"name":"Home","item":"https:\/\/www.blzk.sk\/"},{"@type":"ListItem","position":2,"name":"Cenov\u00e1 ponuka"}]},{"@type":"WebSite","@id":"https:\/\/www.blzk.sk\/#website","url":"https:\/\/www.blzk.sk\/","name":"BLZK","description":"architekt\u00fara a vizualiz\u00e1cie","potentialAction":[{"@type":"SearchAction","target":{"@type":"EntryPoint","urlTemplate":"https:\/\/www.blzk.sk\/?s={search_term_string}"},"query-input":"required name=search_term_string"}],"inLanguage":"en-GB"}]}},"_links":{"self":[{"href":"https:\/\/www.blzk.sk\/en\/wp-json\/wp\/v2\/pages\/5074"}],"collection":[{"href":"https:\/\/www.blzk.sk\/en\/wp-json\/wp\/v2\/pages"}],"about":[{"href":"https:\/\/www.blzk.sk\/en\/wp-json\/wp\/v2\/types\/page"}],"author":[{"embeddable":true,"href":"https:\/\/www.blzk.sk\/en\/wp-json\/wp\/v2\/users\/2"}],"replies":[{"embeddable":true,"href":"https:\/\/www.blzk.sk\/en\/wp-json\/wp\/v2\/comments?post=5074"}],"version-history":[{"count":3,"href":"https:\/\/www.blzk.sk\/en\/wp-json\/wp\/v2\/pages\/5074\/revisions"}],"predecessor-version":[{"id":5080,"href":"https:\/\/www.blzk.sk\/en\/wp-json\/wp\/v2\/pages\/5074\/revisions\/5080"}],"wp:attachment":[{"href":"https:\/\/www.blzk.sk\/en\/wp-json\/wp\/v2\/media?parent=5074"}],"curies":[{"name":"wp","href":"https:\/\/api.w.org\/{rel}","templated":true}]}}