{"id":4122,"date":"2023-05-12T21:33:52","date_gmt":"2023-05-12T19:33:52","guid":{"rendered":"https:\/\/www.blzk.sk\/?page_id=4122"},"modified":"2024-01-05T16:41:14","modified_gmt":"2024-01-05T15:41:14","slug":"projekty","status":"publish","type":"page","link":"https:\/\/www.blzk.sk\/en\/projekty\/","title":{"rendered":"Projects"},"content":{"rendered":"<div id=\"fws_69ef23f42cf8b\"  data-column-margin=\"default\" data-midnight=\"dark\"  class=\"wpb_row vc_row-fluid vc_row\"  style=\"padding-top: 0px; padding-bottom: 0px; \"><div class=\"row-bg-wrap\" data-bg-animation=\"none\" data-bg-overlay=\"false\"><div class=\"inner-wrap\"><div class=\"row-bg\"  style=\"\"><\/div><\/div><\/div><div class=\"row_col_wrap_12 col span_12 dark left\">\n\t<div  class=\"vc_col-sm-3 link-btn-col wpb_column column_container vc_column_container col no-extra-padding inherit_tablet inherit_phone\"  data-padding-pos=\"all\" data-has-bg-color=\"false\" data-bg-color=\"\" data-bg-opacity=\"1\" data-animation=\"\" data-delay=\"0\" >\n\t\t<div class=\"vc_column-inner\" >\n\t\t\t<div class=\"wpb_wrapper\">\n\t\t\t\t<a class=\"nectar-button small regular accent-color  regular-button\"  style=\"color: #1e73be; background-color: #000000;\"  href=\"https:\/\/www.blzk.sk\/en\/projekty\/\" data-color-override=\"#000000\" data-hover-color-override=\"false\" data-hover-text-color-override=\"#fff\"><span>All<\/span><\/a>\n\t\t\t<\/div> \n\t\t<\/div>\n\t<\/div> \n\n\t<div  class=\"vc_col-sm-3 link-btn-col wpb_column column_container vc_column_container col no-extra-padding inherit_tablet inherit_phone\"  data-padding-pos=\"all\" data-has-bg-color=\"false\" data-bg-color=\"\" data-bg-opacity=\"1\" data-animation=\"\" data-delay=\"0\" >\n\t\t<div class=\"vc_column-inner\" >\n\t\t\t<div class=\"wpb_wrapper\">\n\t\t\t\t<a class=\"nectar-button small regular accent-color  regular-button\"  style=\"color: #0a0a0a; \"  href=\"https:\/\/www.blzk.sk\/en\/interierovy-dizajn-komercnych-priestorov\/\" data-color-override=\"false\" data-hover-color-override=\"false\" data-hover-text-color-override=\"#fff\"><span>Commercial spaces<\/span><\/a>\n\t\t\t<\/div> \n\t\t<\/div>\n\t<\/div> \n\n\t<div  class=\"vc_col-sm-3 link-btn-col wpb_column column_container vc_column_container col no-extra-padding inherit_tablet inherit_phone\"  data-padding-pos=\"all\" data-has-bg-color=\"false\" data-bg-color=\"\" data-bg-opacity=\"1\" data-animation=\"\" data-delay=\"0\" >\n\t\t<div class=\"vc_column-inner\" >\n\t\t\t<div class=\"wpb_wrapper\">\n\t\t\t\t<a class=\"nectar-button small regular accent-color  regular-button\"  style=\"color: #0a0a0a; \"  href=\"https:\/\/www.blzk.sk\/en\/interierovy-dizajn-obytnych-priestorov\/\" data-color-override=\"false\" data-hover-color-override=\"false\" data-hover-text-color-override=\"#fff\"><span>Residential spaces<\/span><\/a>\n\t\t\t<\/div> \n\t\t<\/div>\n\t<\/div> \n\n\t<div  class=\"vc_col-sm-3 link-btn-col wpb_column column_container vc_column_container col no-extra-padding inherit_tablet inherit_phone\"  data-padding-pos=\"all\" data-has-bg-color=\"false\" data-bg-color=\"\" data-bg-opacity=\"1\" data-animation=\"\" data-delay=\"0\" >\n\t\t<div class=\"vc_column-inner\" >\n\t\t\t<div class=\"wpb_wrapper\">\n\t\t\t\t<a class=\"nectar-button small regular accent-color  regular-button\"  style=\"color: #0a0a0a; \"  href=\"https:\/\/www.blzk.sk\/en\/architektura\/\" data-color-override=\"false\" data-hover-color-override=\"false\" data-hover-text-color-override=\"#fff\"><span>Architecture<\/span><\/a>\n\t\t\t<\/div> \n\t\t<\/div>\n\t<\/div> \n<\/div><\/div>\r\n\t\t<div id=\"fws_69ef23f42e6ba\"  data-column-margin=\"default\" data-midnight=\"dark\"  class=\"wpb_row vc_row-fluid vc_row\"  style=\"padding-top: 0px; padding-bottom: 0px; \"><div class=\"row-bg-wrap\" data-bg-animation=\"none\" data-bg-overlay=\"false\"><div class=\"inner-wrap\"><div class=\"row-bg\"  style=\"\"><\/div><\/div><\/div><div class=\"row_col_wrap_12 col span_12 dark left\">\n\t<div  class=\"vc_col-sm-12 wpb_column column_container vc_column_container col no-extra-padding inherit_tablet inherit_phone\"  data-padding-pos=\"all\" data-has-bg-color=\"false\" data-bg-color=\"\" data-bg-opacity=\"1\" data-animation=\"\" data-delay=\"0\" >\n\t\t<div class=\"vc_column-inner\" >\n\t\t\t<div class=\"wpb_wrapper\">\n\t\t\t\t<div class='nectar-post-grid-wrap' data-el-settings='{\"post_type\":\"portfolio\",\"pagination\":\"load-more\",\"image_size\":\"large\",\"aspect_ratio_image_size\":\"\",\"display_categories\":\"0\",\"display_excerpt\":\"0\",\"display_date\":\"0\",\"color_overlay\":\"\",\"color_overlay_opacity\":\"0.3\",\"color_overlay_hover_opacity\":\"0.4\",\"card_bg_color\":\"\",\"grid_style\":\"content_overlaid\",\"post_title_overlay\":\"\",\"heading_tag\":\"default\",\"enable_gallery_lightbox\":\"0\"}' data-style='content_overlaid' data-query='{\"post_type\":\"portfolio\",\"posts_per_page\":\"10\",\"order\":\"DESC\",\"orderby\":\"date\",\"offset\":\"0\",\"cpt_name\":\"post\",\"custom_query_tax\":\"\"}' data-load-more-color='black' data-load-more-text='Load More'><div class=\"nectar-post-grid-filters\" data-active-color=\"default\" data-align=\"default\" data-animation=\"none\" data-sortable=\"\"><h4>Filter<\/h4><div><a href=\"#\" data-filter=\"vsetky\" data-total-count=\"103\">All<\/a><\/div><\/div><div class=\"nectar-post-grid text-opacity-1 text-opacity-hover-1\" data-indicator=\"\" data-indicator-style=\"default\" data-indicator-color=\"#000\" data-indicator-text=\"View\" data-columns=\"3\" data-hover-effect=\"zoom\" data-text-style=\"default\" data-border-radius=\"none\" data-grid-item-height=\"30vh\" data-grid-spacing=\"10px\" data-text-layout=\"all_bottom_left_shadow\" data-text-color=\"light\" data-text-hover-color=\"light\" data-shadow-hover=\"\" data-masonry=\"yes\" data-animation=\"none\" data-cat-click=\"default\"><div class=\"nectar-post-grid-item\"> <div class=\"inner\"><div class=\"nectar-post-grid-item-bg\" style=\"background-image:url(https:\/\/www.blzk.sk\/wp-content\/uploads\/2023\/09\/BLZK_2022_matejhakar.com_M2A4402.jpg);\"><\/div><div class=\"bg-overlay\"  data-opacity=\"0.3\" data-hover-opacity=\"0.4\"><\/div><div class=\"content\"><a class=\"nectar-post-grid-link\" href=\"https:\/\/www.blzk.sk\/en\/interierovy-dizajn-alpe\/\" aria-label=\"ALPE &#8211; kancel\u00e1rie\"><\/a><div class=\"item-main\"><h3 class=\"post-heading\"><a href=\"https:\/\/www.blzk.sk\/en\/interierovy-dizajn-alpe\/\"><span>ALPE &#8211; kancel\u00e1rie<\/span><\/a><\/h3><\/div><\/div><\/div><\/div><div class=\"nectar-post-grid-item\"> <div class=\"inner\"><div class=\"nectar-post-grid-item-bg\" style=\"background-image:url(https:\/\/www.blzk.sk\/wp-content\/uploads\/2025\/07\/zubarina-titulka.jpg);\"><\/div><div class=\"bg-overlay\"  data-opacity=\"0.3\" data-hover-opacity=\"0.4\"><\/div><div class=\"content\"><a class=\"nectar-post-grid-link\" href=\"https:\/\/www.blzk.sk\/en\/sit-in-zubna-klinika\/\" aria-label=\"Sit in &#8211; zubn\u00e1 klinika\"><\/a><div class=\"item-main\"><h3 class=\"post-heading\"><a href=\"https:\/\/www.blzk.sk\/en\/sit-in-zubna-klinika\/\"><span>Sit in &#8211; zubn\u00e1 klinika<\/span><\/a><\/h3><\/div><\/div><\/div><\/div><div class=\"nectar-post-grid-item\"> <div class=\"inner\"><div class=\"nectar-post-grid-item-bg\" style=\"background-image:url(https:\/\/www.blzk.sk\/wp-content\/uploads\/2024\/04\/T3.jpg);\"><\/div><div class=\"bg-overlay\"  data-opacity=\"0.3\" data-hover-opacity=\"0.4\"><\/div><div class=\"content\"><a class=\"nectar-post-grid-link\" href=\"https:\/\/www.blzk.sk\/en\/byt-vydrica-bk01\/\" aria-label=\"Byt Vydrica\"><\/a><div class=\"item-main\"><h3 class=\"post-heading\"><a href=\"https:\/\/www.blzk.sk\/en\/byt-vydrica-bk01\/\"><span>Byt Vydrica<\/span><\/a><\/h3><\/div><\/div><\/div><\/div><div class=\"nectar-post-grid-item\"> <div class=\"inner\"><div class=\"nectar-post-grid-item-bg\" style=\"background-image:url(https:\/\/www.blzk.sk\/wp-content\/uploads\/2025\/07\/titulka-1.jpg);\"><\/div><div class=\"bg-overlay\"  data-opacity=\"0.3\" data-hover-opacity=\"0.4\"><\/div><div class=\"content\"><a class=\"nectar-post-grid-link\" href=\"https:\/\/www.blzk.sk\/en\/funny-burger\/\" aria-label=\"Funny Burger &#8211; bistro\"><\/a><div class=\"item-main\"><h3 class=\"post-heading\"><a href=\"https:\/\/www.blzk.sk\/en\/funny-burger\/\"><span>Funny Burger &#8211; bistro<\/span><\/a><\/h3><\/div><\/div><\/div><\/div><div class=\"nectar-post-grid-item\"> <div class=\"inner\"><div class=\"nectar-post-grid-item-bg\" style=\"background-image:url(https:\/\/www.blzk.sk\/wp-content\/uploads\/2024\/11\/TITULKA2.jpg);\"><\/div><div class=\"bg-overlay\"  data-opacity=\"0.3\" data-hover-opacity=\"0.4\"><\/div><div class=\"content\"><a class=\"nectar-post-grid-link\" href=\"https:\/\/www.blzk.sk\/en\/poke-bistro\/\" aria-label=\"Pok\u00e9 bistro\"><\/a><div class=\"item-main\"><h3 class=\"post-heading\"><a href=\"https:\/\/www.blzk.sk\/en\/poke-bistro\/\"><span>Pok\u00e9 bistro<\/span><\/a><\/h3><\/div><\/div><\/div><\/div><div class=\"nectar-post-grid-item\"> <div class=\"inner\"><div class=\"nectar-post-grid-item-bg\" style=\"background-image:url(https:\/\/www.blzk.sk\/wp-content\/uploads\/2025\/04\/TITULKA4.jpg);\"><\/div><div class=\"bg-overlay\"  data-opacity=\"0.3\" data-hover-opacity=\"0.4\"><\/div><div class=\"content\"><a class=\"nectar-post-grid-link\" href=\"https:\/\/www.blzk.sk\/en\/rodinny-dom-sss\/\" aria-label=\"Rodinn\u00fd dom SSS\"><\/a><div class=\"item-main\"><h3 class=\"post-heading\"><a href=\"https:\/\/www.blzk.sk\/en\/rodinny-dom-sss\/\"><span>Rodinn\u00fd dom SSS<\/span><\/a><\/h3><\/div><\/div><\/div><\/div><div class=\"nectar-post-grid-item\"> <div class=\"inner\"><div class=\"nectar-post-grid-item-bg\" style=\"background-image:url(https:\/\/www.blzk.sk\/wp-content\/uploads\/2022\/05\/Untitled-1-1.jpg);\"><\/div><div class=\"bg-overlay\"  data-opacity=\"0.3\" data-hover-opacity=\"0.4\"><\/div><div class=\"content\"><a class=\"nectar-post-grid-link\" href=\"https:\/\/www.blzk.sk\/en\/interierovy-dizajn-mns\/\" aria-label=\"Rodinn\u00fd dom MNS\"><\/a><div class=\"item-main\"><h3 class=\"post-heading\"><a href=\"https:\/\/www.blzk.sk\/en\/interierovy-dizajn-mns\/\"><span>Rodinn\u00fd dom MNS<\/span><\/a><\/h3><\/div><\/div><\/div><\/div><div class=\"nectar-post-grid-item\"> <div class=\"inner\"><div class=\"nectar-post-grid-item-bg\" style=\"background-image:url(https:\/\/www.blzk.sk\/wp-content\/uploads\/2025\/04\/TITULKA1.jpg);\"><\/div><div class=\"bg-overlay\"  data-opacity=\"0.3\" data-hover-opacity=\"0.4\"><\/div><div class=\"content\"><a class=\"nectar-post-grid-link\" href=\"https:\/\/www.blzk.sk\/en\/rodinny-dom-kb\/\" aria-label=\"Rodinn\u00fd dom KB\"><\/a><div class=\"item-main\"><h3 class=\"post-heading\"><a href=\"https:\/\/www.blzk.sk\/en\/rodinny-dom-kb\/\"><span>Rodinn\u00fd dom KB<\/span><\/a><\/h3><\/div><\/div><\/div><\/div><div class=\"nectar-post-grid-item\"> <div class=\"inner\"><div class=\"nectar-post-grid-item-bg\" style=\"background-image:url(https:\/\/www.blzk.sk\/wp-content\/uploads\/2024\/04\/0-TITULKA-7.jpg);\"><\/div><div class=\"bg-overlay\"  data-opacity=\"0.3\" data-hover-opacity=\"0.4\"><\/div><div class=\"content\"><a class=\"nectar-post-grid-link\" href=\"https:\/\/www.blzk.sk\/en\/rodinny-dom-chg\/\" aria-label=\"Rodinn\u00fd dom CHG\"><\/a><div class=\"item-main\"><h3 class=\"post-heading\"><a href=\"https:\/\/www.blzk.sk\/en\/rodinny-dom-chg\/\"><span>Rodinn\u00fd dom CHG<\/span><\/a><\/h3><\/div><\/div><\/div><\/div><div class=\"nectar-post-grid-item\"> <div class=\"inner\"><div class=\"nectar-post-grid-item-bg\" style=\"background-image:url(https:\/\/www.blzk.sk\/wp-content\/uploads\/2024\/04\/0-TITULKA-6.jpg);\"><\/div><div class=\"bg-overlay\"  data-opacity=\"0.3\" data-hover-opacity=\"0.4\"><\/div><div class=\"content\"><a class=\"nectar-post-grid-link\" href=\"https:\/\/www.blzk.sk\/en\/rodinny-dom-mo\/\" aria-label=\"Rekrea\u010dn\u00fd dom MO\"><\/a><div class=\"item-main\"><h3 class=\"post-heading\"><a href=\"https:\/\/www.blzk.sk\/en\/rodinny-dom-mo\/\"><span>Rekrea\u010dn\u00fd dom MO<\/span><\/a><\/h3><\/div><\/div><\/div><\/div><\/div><\/div>\n\t\t\t<\/div> \n\t\t<\/div>\n\t<\/div> \n<\/div><\/div>\r\n\t\t<div id=\"fws_69ef23f43a527\"  data-column-margin=\"default\" data-midnight=\"dark\"  class=\"wpb_row vc_row-fluid vc_row\"  style=\"padding-top: 0px; padding-bottom: 0px; \"><div class=\"row-bg-wrap\" data-bg-animation=\"none\" data-bg-overlay=\"false\"><div class=\"inner-wrap\"><div class=\"row-bg\"  style=\"\"><\/div><\/div><\/div><div class=\"row_col_wrap_12 col span_12 dark left\">\n\t<div  class=\"vc_col-sm-12 wpb_column column_container vc_column_container col no-extra-padding inherit_tablet inherit_phone\"  data-padding-pos=\"all\" data-has-bg-color=\"false\" data-bg-color=\"\" data-bg-opacity=\"1\" data-animation=\"\" data-delay=\"0\" >\n\t\t<div class=\"vc_column-inner\" >\n\t\t\t<div class=\"wpb_wrapper\">\n\t\t\t\t\n\t<div class=\"wpb_raw_code wpb_raw_js\" >\n\t\t<div class=\"wpb_wrapper\">\n\t\t\t<script>\n  \/\/ home page post grid logic\n  window.addEventListener('load', function () {\n  \nconst loadMoreBtn = document.getElementsByClassName('load-more')[0];\nloadMoreBtn.innerHTML = 'Na\u010d\u00edta\u0165 \u010fal\u0161ie'\n\n \n  });\n<\/script>\n\t\t<\/div>\n\t<\/div>\n\n\t\t\t<\/div> \n\t\t<\/div>\n\t<\/div> \n<\/div><\/div>","protected":false},"excerpt":{"rendered":"","protected":false},"author":2,"featured_media":0,"parent":0,"menu_order":0,"comment_status":"closed","ping_status":"closed","template":"","meta":{"footnotes":""},"yoast_head":"<!-- This site is optimized with the Yoast SEO plugin v21.1 - https:\/\/yoast.com\/wordpress\/plugins\/seo\/ -->\n<title>Projekty - Blzk.sk<\/title>\n<meta name=\"robots\" content=\"index, follow, max-snippet:-1, max-image-preview:large, max-video-preview:-1\" \/>\n<link rel=\"canonical\" href=\"https:\/\/www.blzk.sk\/en\/projekty\/\" \/>\n<meta property=\"og:locale\" content=\"en_GB\" \/>\n<meta property=\"og:type\" content=\"article\" \/>\n<meta property=\"og:title\" content=\"Projekty - Blzk.sk\" \/>\n<meta property=\"og:url\" content=\"https:\/\/www.blzk.sk\/en\/projekty\/\" \/>\n<meta property=\"og:site_name\" content=\"BLZK\" \/>\n<meta property=\"article:modified_time\" content=\"2024-01-05T15:41:14+00:00\" \/>\n<meta name=\"twitter:card\" content=\"summary_large_image\" \/>\n<meta name=\"twitter:label1\" content=\"Estimated reading time\" \/>\n\t<meta name=\"twitter:data1\" content=\"1 minute\" \/>\n<script type=\"application\/ld+json\" class=\"yoast-schema-graph\">{\"@context\":\"https:\/\/schema.org\",\"@graph\":[{\"@type\":\"WebPage\",\"@id\":\"https:\/\/www.blzk.sk\/projekty\/\",\"url\":\"https:\/\/www.blzk.sk\/projekty\/\",\"name\":\"Projekty - Blzk.sk\",\"isPartOf\":{\"@id\":\"https:\/\/www.blzk.sk\/#website\"},\"datePublished\":\"2023-05-12T19:33:52+00:00\",\"dateModified\":\"2024-01-05T15:41:14+00:00\",\"breadcrumb\":{\"@id\":\"https:\/\/www.blzk.sk\/projekty\/#breadcrumb\"},\"inLanguage\":\"en-GB\",\"potentialAction\":[{\"@type\":\"ReadAction\",\"target\":[\"https:\/\/www.blzk.sk\/projekty\/\"]}]},{\"@type\":\"BreadcrumbList\",\"@id\":\"https:\/\/www.blzk.sk\/projekty\/#breadcrumb\",\"itemListElement\":[{\"@type\":\"ListItem\",\"position\":1,\"name\":\"Home\",\"item\":\"https:\/\/www.blzk.sk\/\"},{\"@type\":\"ListItem\",\"position\":2,\"name\":\"Projekty\"}]},{\"@type\":\"WebSite\",\"@id\":\"https:\/\/www.blzk.sk\/#website\",\"url\":\"https:\/\/www.blzk.sk\/\",\"name\":\"BLZK\",\"description\":\"architekt\u00fara a vizualiz\u00e1cie\",\"potentialAction\":[{\"@type\":\"SearchAction\",\"target\":{\"@type\":\"EntryPoint\",\"urlTemplate\":\"https:\/\/www.blzk.sk\/?s={search_term_string}\"},\"query-input\":\"required name=search_term_string\"}],\"inLanguage\":\"en-GB\"}]}<\/script>\n<!-- \/ Yoast SEO plugin. -->","yoast_head_json":{"title":"Projekty - Blzk.sk","robots":{"index":"index","follow":"follow","max-snippet":"max-snippet:-1","max-image-preview":"max-image-preview:large","max-video-preview":"max-video-preview:-1"},"canonical":"https:\/\/www.blzk.sk\/en\/projekty\/","og_locale":"en_GB","og_type":"article","og_title":"Projekty - Blzk.sk","og_url":"https:\/\/www.blzk.sk\/en\/projekty\/","og_site_name":"BLZK","article_modified_time":"2024-01-05T15:41:14+00:00","twitter_card":"summary_large_image","twitter_misc":{"Estimated reading time":"1 minute"},"schema":{"@context":"https:\/\/schema.org","@graph":[{"@type":"WebPage","@id":"https:\/\/www.blzk.sk\/projekty\/","url":"https:\/\/www.blzk.sk\/projekty\/","name":"Projekty - Blzk.sk","isPartOf":{"@id":"https:\/\/www.blzk.sk\/#website"},"datePublished":"2023-05-12T19:33:52+00:00","dateModified":"2024-01-05T15:41:14+00:00","breadcrumb":{"@id":"https:\/\/www.blzk.sk\/projekty\/#breadcrumb"},"inLanguage":"en-GB","potentialAction":[{"@type":"ReadAction","target":["https:\/\/www.blzk.sk\/projekty\/"]}]},{"@type":"BreadcrumbList","@id":"https:\/\/www.blzk.sk\/projekty\/#breadcrumb","itemListElement":[{"@type":"ListItem","position":1,"name":"Home","item":"https:\/\/www.blzk.sk\/"},{"@type":"ListItem","position":2,"name":"Projekty"}]},{"@type":"WebSite","@id":"https:\/\/www.blzk.sk\/#website","url":"https:\/\/www.blzk.sk\/","name":"BLZK","description":"architekt\u00fara a vizualiz\u00e1cie","potentialAction":[{"@type":"SearchAction","target":{"@type":"EntryPoint","urlTemplate":"https:\/\/www.blzk.sk\/?s={search_term_string}"},"query-input":"required name=search_term_string"}],"inLanguage":"en-GB"}]}},"_links":{"self":[{"href":"https:\/\/www.blzk.sk\/en\/wp-json\/wp\/v2\/pages\/4122"}],"collection":[{"href":"https:\/\/www.blzk.sk\/en\/wp-json\/wp\/v2\/pages"}],"about":[{"href":"https:\/\/www.blzk.sk\/en\/wp-json\/wp\/v2\/types\/page"}],"author":[{"embeddable":true,"href":"https:\/\/www.blzk.sk\/en\/wp-json\/wp\/v2\/users\/2"}],"replies":[{"embeddable":true,"href":"https:\/\/www.blzk.sk\/en\/wp-json\/wp\/v2\/comments?post=4122"}],"version-history":[{"count":12,"href":"https:\/\/www.blzk.sk\/en\/wp-json\/wp\/v2\/pages\/4122\/revisions"}],"predecessor-version":[{"id":4489,"href":"https:\/\/www.blzk.sk\/en\/wp-json\/wp\/v2\/pages\/4122\/revisions\/4489"}],"wp:attachment":[{"href":"https:\/\/www.blzk.sk\/en\/wp-json\/wp\/v2\/media?parent=4122"}],"curies":[{"name":"wp","href":"https:\/\/api.w.org\/{rel}","templated":true}]}}