{"id":2609,"date":"2022-02-02T15:21:23","date_gmt":"2022-02-02T14:21:23","guid":{"rendered":"https:\/\/www.blzk.sk\/?page_id=2609"},"modified":"2023-05-17T14:17:58","modified_gmt":"2023-05-17T12:17:58","slug":"interierovy-dizajn-obytnych-priestorov","status":"publish","type":"page","link":"https:\/\/www.blzk.sk\/en\/interierovy-dizajn-obytnych-priestorov\/","title":{"rendered":"Interierov\u00fd Dizajn Obytn\u00fdch priestorov"},"content":{"rendered":"<div id=\"fws_69ef23f1bcd8d\"  data-column-margin=\"default\" data-midnight=\"dark\"  class=\"wpb_row vc_row-fluid vc_row\"  style=\"padding-top: 0px; padding-bottom: 0px; \"><div class=\"row-bg-wrap\" data-bg-animation=\"none\" data-bg-overlay=\"false\"><div class=\"inner-wrap\"><div class=\"row-bg\"  style=\"\"><\/div><\/div><\/div><div class=\"row_col_wrap_12 col span_12 dark left\">\n\t<div  class=\"vc_col-sm-12 wpb_column column_container vc_column_container col no-extra-padding inherit_tablet inherit_phone\"  data-padding-pos=\"all\" data-has-bg-color=\"false\" data-bg-color=\"\" data-bg-opacity=\"1\" data-animation=\"\" data-delay=\"0\" >\n\t\t<div class=\"vc_column-inner\" >\n\t\t\t<div class=\"wpb_wrapper\">\n\t\t\t\t\n\t\t\t<\/div> \n\t\t<\/div>\n\t<\/div> \n<\/div><\/div>\r\n\t\t<div id=\"fws_69ef23f1bd34b\"  data-column-margin=\"80px\" data-midnight=\"dark\"  class=\"wpb_row vc_row-fluid vc_row full-width-content  vc_row-o-equal-height vc_row-flex  vc_row-o-content-top\"  style=\"padding-top: 0px; padding-bottom: 0px; \"><div class=\"row-bg-wrap\" data-bg-animation=\"none\" data-bg-overlay=\"false\"><div class=\"inner-wrap\"><div class=\"row-bg\"  style=\"\"><\/div><\/div><\/div><div class=\"row_col_wrap_12 col span_12 dark left\">\n\t<div  class=\"vc_col-sm-9 wpb_column column_container vc_column_container col no-extra-padding inherit_tablet inherit_phone\"  data-padding-pos=\"all\" data-has-bg-color=\"false\" data-bg-color=\"\" data-bg-opacity=\"1\" data-animation=\"\" data-delay=\"0\" >\n\t\t<div class=\"vc_column-inner\" >\n\t\t\t<div class=\"wpb_wrapper\">\n\t\t\t\t<div class='nectar-post-grid-wrap' data-el-settings='{\"post_type\":\"portfolio\",\"pagination\":\"load-more\",\"image_size\":\"large\",\"aspect_ratio_image_size\":\"\",\"display_categories\":\"0\",\"display_excerpt\":\"0\",\"display_date\":\"0\",\"color_overlay\":\"\",\"color_overlay_opacity\":\"0.3\",\"color_overlay_hover_opacity\":\"0.4\",\"card_bg_color\":\"\",\"grid_style\":\"content_overlaid\",\"post_title_overlay\":\"\",\"heading_tag\":\"default\",\"enable_gallery_lightbox\":\"0\"}' data-style='content_overlaid' data-query='{\"post_type\":\"portfolio\",\"posts_per_page\":\"10\",\"order\":\"DESC\",\"orderby\":\"date\",\"offset\":\"0\",\"cpt_name\":\"post\",\"custom_query_tax\":\"\"}' data-load-more-color='black' data-load-more-text='Load More'><div class=\"nectar-post-grid-filters\" data-active-color=\"default\" data-align=\"default\" data-animation=\"none\" data-sortable=\"\"><h4>Filter<\/h4><div><a href=\"#\" data-filter=\"obytne-priestory\" data-total-count=\"76\">Residential spaces<\/a><\/div><\/div><div class=\"nectar-post-grid text-opacity-1 text-opacity-hover-1\" data-indicator=\"\" data-indicator-style=\"default\" data-indicator-color=\"#000\" data-indicator-text=\"View\" data-columns=\"3\" data-hover-effect=\"zoom\" data-text-style=\"default\" data-border-radius=\"none\" data-grid-item-height=\"30vh\" data-grid-spacing=\"5px\" data-text-layout=\"all_bottom_left_shadow\" data-text-color=\"light\" data-text-hover-color=\"light\" data-shadow-hover=\"\" data-masonry=\"yes\" data-animation=\"none\" data-cat-click=\"default\"><div class=\"nectar-post-grid-item\"> <div class=\"inner\"><div class=\"nectar-post-grid-item-bg\" style=\"background-image:url(https:\/\/www.blzk.sk\/wp-content\/uploads\/2024\/04\/T3.jpg);\"><\/div><div class=\"bg-overlay\"  data-opacity=\"0.3\" data-hover-opacity=\"0.4\"><\/div><div class=\"content\"><a class=\"nectar-post-grid-link\" href=\"https:\/\/www.blzk.sk\/en\/byt-vydrica-bk01\/\" aria-label=\"Byt Vydrica\"><\/a><div class=\"item-main\"><h3 class=\"post-heading\"><a href=\"https:\/\/www.blzk.sk\/en\/byt-vydrica-bk01\/\"><span>Byt Vydrica<\/span><\/a><\/h3><\/div><\/div><\/div><\/div><div class=\"nectar-post-grid-item\"> <div class=\"inner\"><div class=\"nectar-post-grid-item-bg\" style=\"background-image:url(https:\/\/www.blzk.sk\/wp-content\/uploads\/2025\/04\/TITULKA4.jpg);\"><\/div><div class=\"bg-overlay\"  data-opacity=\"0.3\" data-hover-opacity=\"0.4\"><\/div><div class=\"content\"><a class=\"nectar-post-grid-link\" href=\"https:\/\/www.blzk.sk\/en\/rodinny-dom-sss\/\" aria-label=\"Rodinn\u00fd dom SSS\"><\/a><div class=\"item-main\"><h3 class=\"post-heading\"><a href=\"https:\/\/www.blzk.sk\/en\/rodinny-dom-sss\/\"><span>Rodinn\u00fd dom SSS<\/span><\/a><\/h3><\/div><\/div><\/div><\/div><div class=\"nectar-post-grid-item\"> <div class=\"inner\"><div class=\"nectar-post-grid-item-bg\" style=\"background-image:url(https:\/\/www.blzk.sk\/wp-content\/uploads\/2022\/05\/Untitled-1-1.jpg);\"><\/div><div class=\"bg-overlay\"  data-opacity=\"0.3\" data-hover-opacity=\"0.4\"><\/div><div class=\"content\"><a class=\"nectar-post-grid-link\" href=\"https:\/\/www.blzk.sk\/en\/interierovy-dizajn-mns\/\" aria-label=\"Rodinn\u00fd dom MNS\"><\/a><div class=\"item-main\"><h3 class=\"post-heading\"><a href=\"https:\/\/www.blzk.sk\/en\/interierovy-dizajn-mns\/\"><span>Rodinn\u00fd dom MNS<\/span><\/a><\/h3><\/div><\/div><\/div><\/div><div class=\"nectar-post-grid-item\"> <div class=\"inner\"><div class=\"nectar-post-grid-item-bg\" style=\"background-image:url(https:\/\/www.blzk.sk\/wp-content\/uploads\/2025\/04\/TITULKA1.jpg);\"><\/div><div class=\"bg-overlay\"  data-opacity=\"0.3\" data-hover-opacity=\"0.4\"><\/div><div class=\"content\"><a class=\"nectar-post-grid-link\" href=\"https:\/\/www.blzk.sk\/en\/rodinny-dom-kb\/\" aria-label=\"Rodinn\u00fd dom KB\"><\/a><div class=\"item-main\"><h3 class=\"post-heading\"><a href=\"https:\/\/www.blzk.sk\/en\/rodinny-dom-kb\/\"><span>Rodinn\u00fd dom KB<\/span><\/a><\/h3><\/div><\/div><\/div><\/div><div class=\"nectar-post-grid-item\"> <div class=\"inner\"><div class=\"nectar-post-grid-item-bg\" style=\"background-image:url(https:\/\/www.blzk.sk\/wp-content\/uploads\/2024\/04\/0-TITULKA-7.jpg);\"><\/div><div class=\"bg-overlay\"  data-opacity=\"0.3\" data-hover-opacity=\"0.4\"><\/div><div class=\"content\"><a class=\"nectar-post-grid-link\" href=\"https:\/\/www.blzk.sk\/en\/rodinny-dom-chg\/\" aria-label=\"Rodinn\u00fd dom CHG\"><\/a><div class=\"item-main\"><h3 class=\"post-heading\"><a href=\"https:\/\/www.blzk.sk\/en\/rodinny-dom-chg\/\"><span>Rodinn\u00fd dom CHG<\/span><\/a><\/h3><\/div><\/div><\/div><\/div><div class=\"nectar-post-grid-item\"> <div class=\"inner\"><div class=\"nectar-post-grid-item-bg\" style=\"background-image:url(https:\/\/www.blzk.sk\/wp-content\/uploads\/2024\/04\/0-TITULKA-6.jpg);\"><\/div><div class=\"bg-overlay\"  data-opacity=\"0.3\" data-hover-opacity=\"0.4\"><\/div><div class=\"content\"><a class=\"nectar-post-grid-link\" href=\"https:\/\/www.blzk.sk\/en\/rodinny-dom-mo\/\" aria-label=\"Rekrea\u010dn\u00fd dom MO\"><\/a><div class=\"item-main\"><h3 class=\"post-heading\"><a href=\"https:\/\/www.blzk.sk\/en\/rodinny-dom-mo\/\"><span>Rekrea\u010dn\u00fd dom MO<\/span><\/a><\/h3><\/div><\/div><\/div><\/div><div class=\"nectar-post-grid-item\"> <div class=\"inner\"><div class=\"nectar-post-grid-item-bg\" style=\"background-image:url(https:\/\/www.blzk.sk\/wp-content\/uploads\/2024\/04\/0-TITULKA-4.jpg);\"><\/div><div class=\"bg-overlay\"  data-opacity=\"0.3\" data-hover-opacity=\"0.4\"><\/div><div class=\"content\"><a class=\"nectar-post-grid-link\" href=\"https:\/\/www.blzk.sk\/en\/rodinny-dom-slp\/\" aria-label=\"Rodinn\u00fd dom \u0160LP\"><\/a><div class=\"item-main\"><h3 class=\"post-heading\"><a href=\"https:\/\/www.blzk.sk\/en\/rodinny-dom-slp\/\"><span>Rodinn\u00fd dom \u0160LP<\/span><\/a><\/h3><\/div><\/div><\/div><\/div><div class=\"nectar-post-grid-item\"> <div class=\"inner\"><div class=\"nectar-post-grid-item-bg\" style=\"background-image:url(https:\/\/www.blzk.sk\/wp-content\/uploads\/2024\/04\/0TITULKA.jpg);\"><\/div><div class=\"bg-overlay\"  data-opacity=\"0.3\" data-hover-opacity=\"0.4\"><\/div><div class=\"content\"><a class=\"nectar-post-grid-link\" href=\"https:\/\/www.blzk.sk\/en\/byt-crs\/\" aria-label=\"Byt \u010cR\u0160\"><\/a><div class=\"item-main\"><h3 class=\"post-heading\"><a href=\"https:\/\/www.blzk.sk\/en\/byt-crs\/\"><span>Byt \u010cR\u0160<\/span><\/a><\/h3><\/div><\/div><\/div><\/div><div class=\"nectar-post-grid-item\"> <div class=\"inner\"><div class=\"nectar-post-grid-item-bg\" style=\"background-image:url(https:\/\/www.blzk.sk\/wp-content\/uploads\/2024\/04\/0-TITULKA-2.jpg);\"><\/div><div class=\"bg-overlay\"  data-opacity=\"0.3\" data-hover-opacity=\"0.4\"><\/div><div class=\"content\"><a class=\"nectar-post-grid-link\" href=\"https:\/\/www.blzk.sk\/en\/rodinny-dom-dvn\/\" aria-label=\"Rodinn\u00fd dom DVN\"><\/a><div class=\"item-main\"><h3 class=\"post-heading\"><a href=\"https:\/\/www.blzk.sk\/en\/rodinny-dom-dvn\/\"><span>Rodinn\u00fd dom DVN<\/span><\/a><\/h3><\/div><\/div><\/div><\/div><div class=\"nectar-post-grid-item\"> <div class=\"inner\"><div class=\"nectar-post-grid-item-bg\" style=\"background-image:url(https:\/\/www.blzk.sk\/wp-content\/uploads\/2024\/04\/0-TITULKA-1.jpg);\"><\/div><div class=\"bg-overlay\"  data-opacity=\"0.3\" data-hover-opacity=\"0.4\"><\/div><div class=\"content\"><a class=\"nectar-post-grid-link\" href=\"https:\/\/www.blzk.sk\/en\/byt-sl\/\" aria-label=\"Byt SL\"><\/a><div class=\"item-main\"><h3 class=\"post-heading\"><a href=\"https:\/\/www.blzk.sk\/en\/byt-sl\/\"><span>Byt SL<\/span><\/a><\/h3><\/div><\/div><\/div><\/div><\/div><\/div>\n\t\t\t<\/div> \n\t\t<\/div>\n\t<\/div> \n\n\t<div  class=\"vc_col-sm-3 info-col wpb_column column_container vc_column_container col no-extra-padding inherit_tablet inherit_phone\"  data-padding-pos=\"all\" data-has-bg-color=\"false\" data-bg-color=\"\" data-bg-opacity=\"1\" data-animation=\"\" data-delay=\"0\" >\n\t\t<div class=\"vc_column-inner\" >\n\t\t\t<div class=\"wpb_wrapper\">\n\t\t\t\t\r\n<div class=\"wpb_text_column wpb_content_element\" >\r\n\t<div class=\"wpb_wrapper\">\r\n\t\t<h1 class=\"p1\"><span style=\"color: #6b6a6a;\"><b>Interior design with soul<\/b>\u00a0<\/span><\/h1>\n<p class=\"p3 translation-block\"><span style=\"color: #6b6a6a\"><b>Interior design<\/b> for your <b>house, apartment, or cottage<\/b> is one of the <b>main services<\/b> of our studio. <\/span><\/p>\n<p class=\"p3 translation-block\"><span style=\"color: #6b6a6a\">We realize that the living space in which you spend a large part of your life should act as a <b>harmonious whole<\/b>. It should bring <b>physical comfort<\/b> to your life and support a <b>positive psychological mood<\/b>.<\/span><\/p>\n<p class=\"p3 translation-block\"><span style=\"color: #6b6a6a\">We realize that the living space in which you spend a large part of your life should act as a <b>harmonious whole<\/b>. It should bring <b>physical comfort<\/b> to your life and support a <b>positive psychological mood<\/b>.<\/span><\/p>\n<p class=\"p3 translation-block\"><span style=\"color: #6b6a6a\">We at BLZK architects know that these <b>properties of ideal housing<\/b> are perceived only familiarly by clients. However, when they enter a room, they can immediately tell whether they feel good or not in the given interior.<\/span><\/p>\n<p class=\"p3 translation-block\"><span style=\"color: #6b6a6a\">This <b>alchemy of interior design<\/b> succeeds when the <b>architecture studio listens<\/b> and translates your<b> ideas about the perfect home<\/b> b&gt; into the language of space.<\/span><\/p>\n<p class=\"p3 translation-block\"><span style=\"color: #6b6a6a\">Each of us is different, so our ideas may differ. You know exactly what you want and need, and we, in turn, know how to materialize your <b>requirements in a functional and at the same time beautiful interior<\/b>.<\/span><\/p>\n<p class=\"p3 translation-block\"><span style=\"color: #6b6a6a\">The cherry on the cake is our <b>unique architectural signature<\/b>, which is why our clientele loves us so much. With our help, your home will be a unique mirror of your soul and an original embodiment of your individual requirements.<\/span><\/p>\n<h2 class=\"p3\"><span style=\"color: #6b6a6a;\"><b>What exactly can you expect from us?<\/b><\/span><\/h2>\n<ul class=\"ul1\">\n<li class=\"li3\"><span style=\"color: #6b6a6a;\">custom interior design<\/span><\/li>\n<li class=\"li3\"><span style=\"color: #6b6a6a;\">technical drawings for the design (optional)<\/span><\/li>\n<li class=\"li3\"><span style=\"color: #6b6a6a;\">supervision of implementation (optional, only western Slovakia)<\/span><\/li>\n<\/ul>\n<h2 class=\"p3\"><span style=\"color: #6b6a6a;\"><b>How to request a non-binding quote?<\/b><span class=\"s1\">\u00a0<\/span><\/span><\/h2>\n<ul class=\"ul1\">\n<li class=\"li3\"><span style=\"color: #6b6a6a;\">prepare the documents (plans and dimensions of the space, design inspirations, your ideas)<\/span><\/li>\n<li class=\"li3 translation-block\"><span style=\"color: #6b6a6a\">send documents to <a style=\"color: #6b6a6a\" href=\"mailto:info@blzk.sk\" target=\"_self\"><span class=\"s3\">info@blzk.sk<\/span><\/a><\/span><\/li>\n<\/ul>\n\t<\/div>\r\n<\/div>\r\n\r\n\r\n\r\n\n\t\t\t<\/div> \n\t\t<\/div>\n\t<\/div> \n<\/div><\/div>\r\n\t\t<div id=\"fws_69ef23f1cb79d\"  data-column-margin=\"default\" data-midnight=\"dark\"  class=\"wpb_row vc_row-fluid vc_row\"  style=\"padding-top: 0px; padding-bottom: 0px; \"><div class=\"row-bg-wrap\" data-bg-animation=\"none\" data-bg-overlay=\"false\"><div class=\"inner-wrap\"><div class=\"row-bg\"  style=\"\"><\/div><\/div><\/div><div class=\"row_col_wrap_12 col span_12 dark left\">\n\t<div  class=\"vc_col-sm-12 wpb_column column_container vc_column_container col no-extra-padding inherit_tablet inherit_phone\"  data-padding-pos=\"all\" data-has-bg-color=\"false\" data-bg-color=\"\" data-bg-opacity=\"1\" data-animation=\"\" data-delay=\"0\" >\n\t\t<div class=\"vc_column-inner\" >\n\t\t\t<div class=\"wpb_wrapper\">\n\t\t\t\t\n\t<div class=\"wpb_raw_code wpb_raw_js\" >\n\t\t<div class=\"wpb_wrapper\">\n\t\t\t<script>\nwindow.addEventListener('load', function () {\nconst loadMoreBtn = document.getElementsByClassName('load-more')[0];\nloadMoreBtn.innerHTML = 'Na\u010d\u00edta\u0165 \u010fal\u0161ie'\n\n});\n<\/script>\n\t\t<\/div>\n\t<\/div>\n\n\t\t\t<\/div> \n\t\t<\/div>\n\t<\/div> \n<\/div><\/div>\r\n\t\t<div id=\"fws_69ef23f1cc19e\"  data-column-margin=\"default\" data-midnight=\"dark\"  class=\"wpb_row vc_row-fluid vc_row\"  style=\"padding-top: 0px; padding-bottom: 0px; \"><div class=\"row-bg-wrap\" data-bg-animation=\"none\" data-bg-overlay=\"false\"><div class=\"inner-wrap\"><div class=\"row-bg\"  style=\"\"><\/div><\/div><\/div><div class=\"row_col_wrap_12 col span_12 dark left\">\n\t<div  class=\"vc_col-sm-12 wpb_column column_container vc_column_container col no-extra-padding inherit_tablet inherit_phone\"  data-padding-pos=\"all\" data-has-bg-color=\"false\" data-bg-color=\"\" data-bg-opacity=\"1\" data-animation=\"\" data-delay=\"0\" >\n\t\t<div class=\"vc_column-inner\" >\n\t\t\t<div class=\"wpb_wrapper\">\n\t\t\t\t\n\t<div class=\"wpb_raw_code wpb_raw_js\" >\n\t\t<div class=\"wpb_wrapper\">\n\t\t\t<script>\nif (document.URL.includes('\/en\/')) {\ndocument.title = \"Residential spaces\";\n}\n\n<\/script>\n\n\t\t<\/div>\n\t<\/div>\n\n\t\t\t<\/div> \n\t\t<\/div>\n\t<\/div> \n<\/div><\/div>","protected":false},"excerpt":{"rendered":"","protected":false},"author":2,"featured_media":0,"parent":0,"menu_order":0,"comment_status":"closed","ping_status":"closed","template":"","meta":{"footnotes":""},"yoast_head":"<!-- This site is optimized with the Yoast SEO plugin v21.1 - https:\/\/yoast.com\/wordpress\/plugins\/seo\/ -->\n<title>Interierov\u00fd Dizajn Obytn\u00fdch priestorov - BLZK<\/title>\n<meta name=\"robots\" content=\"index, follow, max-snippet:-1, max-image-preview:large, max-video-preview:-1\" \/>\n<link rel=\"canonical\" href=\"https:\/\/www.blzk.sk\/en\/interierovy-dizajn-obytnych-priestorov\/\" \/>\n<meta property=\"og:locale\" content=\"en_GB\" \/>\n<meta property=\"og:type\" content=\"article\" \/>\n<meta property=\"og:title\" content=\"Interierov\u00fd Dizajn Obytn\u00fdch priestorov - BLZK\" \/>\n<meta property=\"og:url\" content=\"https:\/\/www.blzk.sk\/en\/interierovy-dizajn-obytnych-priestorov\/\" \/>\n<meta property=\"og:site_name\" content=\"BLZK\" \/>\n<meta property=\"article:modified_time\" content=\"2023-05-17T12:17:58+00:00\" \/>\n<meta name=\"twitter:card\" content=\"summary_large_image\" \/>\n<meta name=\"twitter:label1\" content=\"Estimated reading time\" \/>\n\t<meta name=\"twitter:data1\" content=\"2 minutes\" \/>\n<script type=\"application\/ld+json\" class=\"yoast-schema-graph\">{\"@context\":\"https:\/\/schema.org\",\"@graph\":[{\"@type\":\"WebPage\",\"@id\":\"https:\/\/www.blzk.sk\/interierovy-dizajn-obytnych-priestorov\/\",\"url\":\"https:\/\/www.blzk.sk\/interierovy-dizajn-obytnych-priestorov\/\",\"name\":\"Interierov\u00fd Dizajn Obytn\u00fdch priestorov - BLZK\",\"isPartOf\":{\"@id\":\"https:\/\/www.blzk.sk\/#website\"},\"datePublished\":\"2022-02-02T14:21:23+00:00\",\"dateModified\":\"2023-05-17T12:17:58+00:00\",\"breadcrumb\":{\"@id\":\"https:\/\/www.blzk.sk\/interierovy-dizajn-obytnych-priestorov\/#breadcrumb\"},\"inLanguage\":\"en-GB\",\"potentialAction\":[{\"@type\":\"ReadAction\",\"target\":[\"https:\/\/www.blzk.sk\/interierovy-dizajn-obytnych-priestorov\/\"]}]},{\"@type\":\"BreadcrumbList\",\"@id\":\"https:\/\/www.blzk.sk\/interierovy-dizajn-obytnych-priestorov\/#breadcrumb\",\"itemListElement\":[{\"@type\":\"ListItem\",\"position\":1,\"name\":\"Home\",\"item\":\"https:\/\/www.blzk.sk\/\"},{\"@type\":\"ListItem\",\"position\":2,\"name\":\"Interierov\u00fd Dizajn Obytn\u00fdch priestorov\"}]},{\"@type\":\"WebSite\",\"@id\":\"https:\/\/www.blzk.sk\/#website\",\"url\":\"https:\/\/www.blzk.sk\/\",\"name\":\"BLZK\",\"description\":\"architekt\u00fara a vizualiz\u00e1cie\",\"potentialAction\":[{\"@type\":\"SearchAction\",\"target\":{\"@type\":\"EntryPoint\",\"urlTemplate\":\"https:\/\/www.blzk.sk\/?s={search_term_string}\"},\"query-input\":\"required name=search_term_string\"}],\"inLanguage\":\"en-GB\"}]}<\/script>\n<!-- \/ Yoast SEO plugin. -->","yoast_head_json":{"title":"Interierov\u00fd Dizajn Obytn\u00fdch priestorov - BLZK","robots":{"index":"index","follow":"follow","max-snippet":"max-snippet:-1","max-image-preview":"max-image-preview:large","max-video-preview":"max-video-preview:-1"},"canonical":"https:\/\/www.blzk.sk\/en\/interierovy-dizajn-obytnych-priestorov\/","og_locale":"en_GB","og_type":"article","og_title":"Interierov\u00fd Dizajn Obytn\u00fdch priestorov - BLZK","og_url":"https:\/\/www.blzk.sk\/en\/interierovy-dizajn-obytnych-priestorov\/","og_site_name":"BLZK","article_modified_time":"2023-05-17T12:17:58+00:00","twitter_card":"summary_large_image","twitter_misc":{"Estimated reading time":"2 minutes"},"schema":{"@context":"https:\/\/schema.org","@graph":[{"@type":"WebPage","@id":"https:\/\/www.blzk.sk\/interierovy-dizajn-obytnych-priestorov\/","url":"https:\/\/www.blzk.sk\/interierovy-dizajn-obytnych-priestorov\/","name":"Interierov\u00fd Dizajn Obytn\u00fdch priestorov - BLZK","isPartOf":{"@id":"https:\/\/www.blzk.sk\/#website"},"datePublished":"2022-02-02T14:21:23+00:00","dateModified":"2023-05-17T12:17:58+00:00","breadcrumb":{"@id":"https:\/\/www.blzk.sk\/interierovy-dizajn-obytnych-priestorov\/#breadcrumb"},"inLanguage":"en-GB","potentialAction":[{"@type":"ReadAction","target":["https:\/\/www.blzk.sk\/interierovy-dizajn-obytnych-priestorov\/"]}]},{"@type":"BreadcrumbList","@id":"https:\/\/www.blzk.sk\/interierovy-dizajn-obytnych-priestorov\/#breadcrumb","itemListElement":[{"@type":"ListItem","position":1,"name":"Home","item":"https:\/\/www.blzk.sk\/"},{"@type":"ListItem","position":2,"name":"Interierov\u00fd Dizajn Obytn\u00fdch priestorov"}]},{"@type":"WebSite","@id":"https:\/\/www.blzk.sk\/#website","url":"https:\/\/www.blzk.sk\/","name":"BLZK","description":"architekt\u00fara a vizualiz\u00e1cie","potentialAction":[{"@type":"SearchAction","target":{"@type":"EntryPoint","urlTemplate":"https:\/\/www.blzk.sk\/?s={search_term_string}"},"query-input":"required name=search_term_string"}],"inLanguage":"en-GB"}]}},"_links":{"self":[{"href":"https:\/\/www.blzk.sk\/en\/wp-json\/wp\/v2\/pages\/2609"}],"collection":[{"href":"https:\/\/www.blzk.sk\/en\/wp-json\/wp\/v2\/pages"}],"about":[{"href":"https:\/\/www.blzk.sk\/en\/wp-json\/wp\/v2\/types\/page"}],"author":[{"embeddable":true,"href":"https:\/\/www.blzk.sk\/en\/wp-json\/wp\/v2\/users\/2"}],"replies":[{"embeddable":true,"href":"https:\/\/www.blzk.sk\/en\/wp-json\/wp\/v2\/comments?post=2609"}],"version-history":[{"count":17,"href":"https:\/\/www.blzk.sk\/en\/wp-json\/wp\/v2\/pages\/2609\/revisions"}],"predecessor-version":[{"id":3971,"href":"https:\/\/www.blzk.sk\/en\/wp-json\/wp\/v2\/pages\/2609\/revisions\/3971"}],"wp:attachment":[{"href":"https:\/\/www.blzk.sk\/en\/wp-json\/wp\/v2\/media?parent=2609"}],"curies":[{"name":"wp","href":"https:\/\/api.w.org\/{rel}","templated":true}]}}