{"id":2590,"date":"2022-01-29T17:02:25","date_gmt":"2022-01-29T16:02:25","guid":{"rendered":"https:\/\/www.blzk.sk\/?page_id=2590"},"modified":"2025-08-04T21:02:56","modified_gmt":"2025-08-04T19:02:56","slug":"o-nas","status":"publish","type":"page","link":"https:\/\/www.blzk.sk\/en\/o-nas\/","title":{"rendered":"O n\u00e1s"},"content":{"rendered":"<div id=\"fws_69ef23f57eed6\"  data-column-margin=\"default\" data-midnight=\"dark\"  class=\"wpb_row vc_row-fluid vc_row\"  style=\"padding-top: 0px; padding-bottom: 0px; \"><div class=\"row-bg-wrap\" data-bg-animation=\"none\" data-bg-overlay=\"false\"><div class=\"inner-wrap\"><div class=\"row-bg\"  style=\"\"><\/div><\/div><\/div><div class=\"row_col_wrap_12 col span_12 dark left\">\n\t<div  class=\"vc_col-sm-6 wpb_column column_container vc_column_container col no-extra-padding inherit_tablet inherit_phone\"  data-padding-pos=\"all\" data-has-bg-color=\"false\" data-bg-color=\"\" data-bg-opacity=\"1\" data-animation=\"\" data-delay=\"0\" >\n\t\t<div class=\"vc_column-inner\" >\n\t\t\t<div class=\"wpb_wrapper\">\n\t\t\t\t\r\n<div class=\"wpb_text_column wpb_content_element  wpb_animate_when_almost_visible wpb_slideInLeft slideInLeft\" >\r\n\t<div class=\"wpb_wrapper\">\r\n\t\t<h2><span style=\"color: #000000;\"><strong>Who are BLZK architects?<\/strong><\/span><\/h2>\n<p class=\" translation-block\">We are <strong>team of architects and designers<\/strong>, who can connect <strong>your ideas and our specific touch<\/strong>, for which people seek us out.<\/p>\n<p class=\" translation-block\">Result of this process is <strong>unique story of your interior or architecture<\/strong>. It all starts with clients ideas and then is transferred on the paper and later on into reality by our team.<\/p>\n<h2><\/h2>\n<h2><span style=\"color: #000000;\"><strong>Why choose us?<\/strong><\/span><\/h2>\n<p class=\" translation-block\">Our biggest advantage is <strong>human approach<\/strong>. Of course, we are professionals, but we are also <strong>good friends<\/strong> as well.<\/p>\n<p class=\" translation-block\">Our <strong>common passion for creative process <\/strong>and that fact that we are also friends, results into<strong>positive human touch<\/strong> aj <strong>in our projects<\/strong>.<\/p>\n<p class=\" translation-block\">Don't expect a cold \"architect knows best\" approach from us. We are always trying to communicate really closely with our clients and trying to understand as good as possible their <strong>needs, ideas and priorities.<\/strong><\/p>\n<p class=\" translation-block\">In our opinion, in addition to functionality, a custom-made space should also be characterized by an <strong>individual footprint of the client<\/strong>, which you can leave in the project thanks to the fact that we will have <strong>equal discussions<\/strong> together.<\/p>\n<h2><\/h2>\n<h2><span style=\"color: #000000;\"><strong>We collect experience and awards<\/strong><\/span><\/h2>\n<p class=\" translation-block\">Over the years that we have been on the market, we have accumulated <strong>a lot of experience<\/strong>. But not only those, we are also pleased with <strong>nominations<\/strong> of our projects <strong>in prestigious architectural competitions<\/strong>.<\/p>\n<p class=\" translation-block\">Armed with experience and crowned with prizes, we will be happy to provide <strong>not only proposals, but also the implementation<\/strong> of projects for you.<\/p>\n<p class=\" translation-block\">We believe that the way up leads only through <strong>daily new challenges<\/strong> and constant <strong>learning<\/strong>. We like to learn and push the boundaries of the possible further and further. We will be glad if you will be with us and give us another professional challenge with your project.<\/p>\n<h2><\/h2>\n<h2><span style=\"color: #000000;\"><strong>We will provide you only the best in every way<\/strong><\/span><\/h2>\n<p class=\" translation-block\">Only the <strong>most modern technologies for creating photorealistic visualizations or virtual tours<\/strong> await you in our studio.<\/p>\n<p class=\" translation-block\">The final <strong> implementation of the project<\/strong> is for us the <strong>most important part of the whole process<\/strong> and gives us and the client satisfaction at the finalization of our joint journey.<\/p>\n<p class=\" translation-block\">To make everything run smoothly, we use the <strong>professional services<\/strong> of our <strong>verified partners<\/strong>. He will reliably document the results of our joint work and show you a <strong>portfolio of finished projects<\/strong> here on our website.<\/p>\n<h2><\/h2>\n<h2><span style=\"color: #000000;\"><strong>How to contact us?<\/strong><\/span><\/h2>\n<p><span style=\"color: #000000;\">Let's create a space together that will give you everything you put into it. Write down your dreams and intentions and connect with us. We will take care of the rest.<\/span><\/p>\n<p class=\" translation-block\">Benefit from our experience and let us design <strong>your new home or offices<\/strong> for you.<\/p>\n<p class=\" translation-block\">Do you like our work? If so, do not delay any longer and contact us by <u>mail or phone<\/u>. Together we will arrange everything necessary or answer your questions.<\/p>\n\t<\/div>\r\n<\/div>\r\n\r\n\r\n\r\n\n\t\t\t<\/div> \n\t\t<\/div>\n\t<\/div> \n\n\t<div  class=\"vc_col-sm-6 wpb_column column_container vc_column_container col no-extra-padding inherit_tablet inherit_phone\"  data-padding-pos=\"all\" data-has-bg-color=\"false\" data-bg-color=\"\" data-bg-opacity=\"1\" data-animation=\"\" data-delay=\"0\" >\n\t\t<div class=\"vc_column-inner\" >\n\t\t\t<div class=\"wpb_wrapper\">\n\t\t\t\t<div id=\"fws_69ef23f580a7a\" data-midnight=\"\" data-column-margin=\"default\" class=\"wpb_row vc_row-fluid vc_row inner_row\"  style=\"\"><div class=\"row-bg-wrap\"> <div class=\"row-bg\" ><\/div> <\/div><div class=\"row_col_wrap_12_inner col span_12  left\">\n\t<div  class=\"vc_col-sm-6 wpb_column column_container vc_column_container col child_column no-extra-padding inherit_tablet inherit_phone\"   data-padding-pos=\"all\" data-has-bg-color=\"false\" data-bg-color=\"\" data-bg-opacity=\"1\" data-animation=\"\" data-delay=\"0\">\n\t\t<div class=\"vc_column-inner\" >\n\t\t<div class=\"wpb_wrapper\">\n\t\t\t<div class=\"img-with-aniamtion-wrap\" data-max-width=\"100%\" data-max-width-mobile=\"default\" data-shadow=\"none\" data-animation=\"fade-in\" >\r\n      <div class=\"inner\">\r\n        <div class=\"hover-wrap\" data-hover-animation=\"zoom-crop\"> \r\n          <div class=\"hover-wrap-inner\">\r\n            <img class=\"img-with-animation skip-lazy\" data-delay=\"0\" height=\"4839\" width=\"3871\" data-animation=\"fade-in\" src=\"https:\/\/www.blzk.sk\/wp-content\/uploads\/2023\/11\/8G9A0793.jpg\" alt=\"\" srcset=\"https:\/\/www.blzk.sk\/wp-content\/uploads\/2023\/11\/8G9A0793.jpg 3871w, https:\/\/www.blzk.sk\/wp-content\/uploads\/2023\/11\/8G9A0793-240x300.jpg 240w, https:\/\/www.blzk.sk\/wp-content\/uploads\/2023\/11\/8G9A0793-819x1024.jpg 819w, https:\/\/www.blzk.sk\/wp-content\/uploads\/2023\/11\/8G9A0793-768x960.jpg 768w, https:\/\/www.blzk.sk\/wp-content\/uploads\/2023\/11\/8G9A0793-1229x1536.jpg 1229w, https:\/\/www.blzk.sk\/wp-content\/uploads\/2023\/11\/8G9A0793-1638x2048.jpg 1638w, https:\/\/www.blzk.sk\/wp-content\/uploads\/2023\/11\/8G9A0793-10x12.jpg 10w\" sizes=\"(min-width: 1450px) 75vw, (min-width: 1000px) 85vw, 100vw\" \/>\r\n          <\/div>\r\n        <\/div>\r\n      <\/div>\r\n    <\/div>\r\n<div class=\"wpb_text_column wpb_content_element  vc_custom_1684321663904\" >\r\n\t<div class=\"wpb_wrapper\">\r\n\t\t<p><strong>MATEJ BAL\u00c1\u017dIK<\/strong><\/p>\n\t<\/div>\r\n<\/div>\r\n\r\n\r\n\r\n\r\n<div class=\"wpb_text_column wpb_content_element\" >\r\n\t<div class=\"wpb_wrapper\">\r\n\t\t<p style=\"text-align: left;\"><span style=\"color: #333333;\"><i class=\"fa-solid fa-at\" style=\"padding-right: 0.5rem;\"><\/i><span style=\"color: #333333;\"><em><a style=\"color: #333333;\" href=\"mailto:info@blzk.sk\">info@blzk.sk<\/a><\/em><\/span><\/span><br \/>\n<span style=\"color: #333333;\"><em><i class=\"fa-brands fa-linkedin\" style=\"padding-right: 0.5rem;\"><\/i><a style=\"color: #333333;\" href=\"https:\/\/www.linkedin.com\/in\/matejbalazik\/\" target=\"_blank\" rel=\"noopener\">matejbalazik<\/a><\/em><\/span><\/p>\n\t<\/div>\r\n<\/div>\r\n\r\n\r\n\r\n\n\t\t<\/div> \n\t<\/div>\n\t<\/div> \n\n\t<div  class=\"vc_col-sm-6 wpb_column column_container vc_column_container col child_column no-extra-padding inherit_tablet inherit_phone\"   data-padding-pos=\"all\" data-has-bg-color=\"false\" data-bg-color=\"\" data-bg-opacity=\"1\" data-animation=\"\" data-delay=\"0\">\n\t\t<div class=\"vc_column-inner\" >\n\t\t<div class=\"wpb_wrapper\">\n\t\t\t<div class=\"img-with-aniamtion-wrap\" data-max-width=\"100%\" data-max-width-mobile=\"default\" data-shadow=\"none\" data-animation=\"fade-in\" >\r\n      <div class=\"inner\">\r\n        <div class=\"hover-wrap\" data-hover-animation=\"zoom-crop\"> \r\n          <div class=\"hover-wrap-inner\">\r\n            <img class=\"img-with-animation skip-lazy\" data-delay=\"0\" height=\"4839\" width=\"3871\" data-animation=\"fade-in\" src=\"https:\/\/www.blzk.sk\/wp-content\/uploads\/2023\/11\/8G9A0732.jpg\" alt=\"\" srcset=\"https:\/\/www.blzk.sk\/wp-content\/uploads\/2023\/11\/8G9A0732.jpg 3871w, https:\/\/www.blzk.sk\/wp-content\/uploads\/2023\/11\/8G9A0732-240x300.jpg 240w, https:\/\/www.blzk.sk\/wp-content\/uploads\/2023\/11\/8G9A0732-819x1024.jpg 819w, https:\/\/www.blzk.sk\/wp-content\/uploads\/2023\/11\/8G9A0732-768x960.jpg 768w, https:\/\/www.blzk.sk\/wp-content\/uploads\/2023\/11\/8G9A0732-1229x1536.jpg 1229w, https:\/\/www.blzk.sk\/wp-content\/uploads\/2023\/11\/8G9A0732-1638x2048.jpg 1638w, https:\/\/www.blzk.sk\/wp-content\/uploads\/2023\/11\/8G9A0732-10x12.jpg 10w\" sizes=\"(min-width: 1450px) 75vw, (min-width: 1000px) 85vw, 100vw\" \/>\r\n          <\/div>\r\n        <\/div>\r\n      <\/div>\r\n    <\/div>\r\n<div class=\"wpb_text_column wpb_content_element  vc_custom_1701294289695\" >\r\n\t<div class=\"wpb_wrapper\">\r\n\t\t<p><strong>LUCIA BARI\u010cI\u010cOV\u00c1<\/strong><\/p>\n\t<\/div>\r\n<\/div>\r\n\r\n\r\n\r\n\r\n<div class=\"wpb_text_column wpb_content_element\" >\r\n\t<div class=\"wpb_wrapper\">\r\n\t\t<p style=\"text-align: left;\"><span style=\"color: #333333;\"><i class=\"fa-solid fa-at\" style=\"padding-right: 0.5rem;\"><\/i><span style=\"color: #333333;\"><em><a style=\"color: #333333;\" href=\"mailto:lucia@blzk.sk\">lucia@blzk.sk<\/a><\/em><\/span><\/span><br \/>\n<span style=\"color: #333333;\"><em><i class=\"fa-brands fa-linkedin\" style=\"padding-right: 0.5rem;\"><\/i><a style=\"color: #333333;\" href=\"https:\/\/www.linkedin.com\/in\/luciahrdlovicova\/\" target=\"_blank\" rel=\"noopener\">luciahrdlovicova<\/a><\/em><\/span><\/p>\n\t<\/div>\r\n<\/div>\r\n\r\n\r\n\r\n\n\t\t<\/div> \n\t<\/div>\n\t<\/div> \n<\/div><\/div><div id=\"fws_69ef23f5847bf\" data-midnight=\"\" data-column-margin=\"default\" class=\"wpb_row vc_row-fluid vc_row inner_row\"  style=\"\"><div class=\"row-bg-wrap\"> <div class=\"row-bg\" ><\/div> <\/div><div class=\"row_col_wrap_12_inner col span_12  left\">\n\t<div  class=\"vc_col-sm-6 wpb_column column_container vc_column_container col child_column no-extra-padding inherit_tablet inherit_phone\"   data-padding-pos=\"all\" data-has-bg-color=\"false\" data-bg-color=\"\" data-bg-opacity=\"1\" data-animation=\"\" data-delay=\"0\">\n\t\t<div class=\"vc_column-inner\" >\n\t\t<div class=\"wpb_wrapper\">\n\t\t\t<div class=\"img-with-aniamtion-wrap\" data-max-width=\"100%\" data-max-width-mobile=\"default\" data-shadow=\"none\" data-animation=\"fade-in\" >\r\n      <div class=\"inner\">\r\n        <div class=\"hover-wrap\" data-hover-animation=\"zoom-crop\"> \r\n          <div class=\"hover-wrap-inner\">\r\n            <img class=\"img-with-animation skip-lazy\" data-delay=\"0\" height=\"4839\" width=\"3871\" data-animation=\"fade-in\" src=\"https:\/\/www.blzk.sk\/wp-content\/uploads\/2023\/11\/8G9A0749x.jpg\" alt=\"\" srcset=\"https:\/\/www.blzk.sk\/wp-content\/uploads\/2023\/11\/8G9A0749x.jpg 3871w, https:\/\/www.blzk.sk\/wp-content\/uploads\/2023\/11\/8G9A0749x-240x300.jpg 240w, https:\/\/www.blzk.sk\/wp-content\/uploads\/2023\/11\/8G9A0749x-819x1024.jpg 819w, https:\/\/www.blzk.sk\/wp-content\/uploads\/2023\/11\/8G9A0749x-768x960.jpg 768w, https:\/\/www.blzk.sk\/wp-content\/uploads\/2023\/11\/8G9A0749x-1229x1536.jpg 1229w, https:\/\/www.blzk.sk\/wp-content\/uploads\/2023\/11\/8G9A0749x-1638x2048.jpg 1638w, https:\/\/www.blzk.sk\/wp-content\/uploads\/2023\/11\/8G9A0749x-10x12.jpg 10w\" sizes=\"(min-width: 1450px) 75vw, (min-width: 1000px) 85vw, 100vw\" \/>\r\n          <\/div>\r\n        <\/div>\r\n      <\/div>\r\n    <\/div>\r\n<div class=\"wpb_text_column wpb_content_element  vc_custom_1660578193885\" >\r\n\t<div class=\"wpb_wrapper\">\r\n\t\t<p><strong>M\u00c1RIA GOGA\u013dOV\u00c1<\/strong><\/p>\n\t<\/div>\r\n<\/div>\r\n\r\n\r\n\r\n\r\n<div class=\"wpb_text_column wpb_content_element\" >\r\n\t<div class=\"wpb_wrapper\">\r\n\t\t<p style=\"text-align: left;\"><span style=\"color: #333333;\"><i class=\"fa-solid fa-at\" style=\"padding-right: 0.5rem;\"><\/i><span style=\"color: #333333;\"><em><a style=\"color: #333333;\" href=\"mailto:maria@blzk.sk\">maria@blzk.sk<\/a><\/em><\/span><\/span><br \/>\n<span style=\"color: #333333;\"><em><i class=\"fa-brands fa-linkedin\" style=\"padding-right: 0.5rem;\"><\/i><a style=\"color: #333333;\" href=\"https:\/\/www.linkedin.com\/in\/m%C3%A1ria-goga%C4%BEov%C3%A1-387a10227\/\" target=\"_blank\" rel=\"noopener\">m\u00e1riagoga\u013eov\u00e1<\/a><\/em><\/span><\/p>\n\t<\/div>\r\n<\/div>\r\n\r\n\r\n\r\n\n\t\t<\/div> \n\t<\/div>\n\t<\/div> \n\n\t<div  class=\"vc_col-sm-6 wpb_column column_container vc_column_container col child_column no-extra-padding inherit_tablet inherit_phone\"   data-padding-pos=\"all\" data-has-bg-color=\"false\" data-bg-color=\"\" data-bg-opacity=\"1\" data-animation=\"\" data-delay=\"0\">\n\t\t<div class=\"vc_column-inner\" >\n\t\t<div class=\"wpb_wrapper\">\n\t\t\t<div class=\"img-with-aniamtion-wrap\" data-max-width=\"100%\" data-max-width-mobile=\"default\" data-shadow=\"none\" data-animation=\"fade-in\" >\r\n      <div class=\"inner\">\r\n        <div class=\"hover-wrap\" data-hover-animation=\"zoom-crop\"> \r\n          <div class=\"hover-wrap-inner\">\r\n            <img class=\"img-with-animation skip-lazy\" data-delay=\"0\" height=\"4839\" width=\"3871\" data-animation=\"fade-in\" src=\"https:\/\/www.blzk.sk\/wp-content\/uploads\/2023\/11\/8G9A0754.jpg\" alt=\"\" srcset=\"https:\/\/www.blzk.sk\/wp-content\/uploads\/2023\/11\/8G9A0754.jpg 3871w, https:\/\/www.blzk.sk\/wp-content\/uploads\/2023\/11\/8G9A0754-240x300.jpg 240w, https:\/\/www.blzk.sk\/wp-content\/uploads\/2023\/11\/8G9A0754-819x1024.jpg 819w, https:\/\/www.blzk.sk\/wp-content\/uploads\/2023\/11\/8G9A0754-768x960.jpg 768w, https:\/\/www.blzk.sk\/wp-content\/uploads\/2023\/11\/8G9A0754-1229x1536.jpg 1229w, https:\/\/www.blzk.sk\/wp-content\/uploads\/2023\/11\/8G9A0754-1638x2048.jpg 1638w, https:\/\/www.blzk.sk\/wp-content\/uploads\/2023\/11\/8G9A0754-10x12.jpg 10w\" sizes=\"(min-width: 1450px) 75vw, (min-width: 1000px) 85vw, 100vw\" \/>\r\n          <\/div>\r\n        <\/div>\r\n      <\/div>\r\n    <\/div>\r\n<div class=\"wpb_text_column wpb_content_element  vc_custom_1660578267288\" >\r\n\t<div class=\"wpb_wrapper\">\r\n\t\t<p><strong>BARBORA PORKERTOV\u00c1<\/strong><\/p>\n\t<\/div>\r\n<\/div>\r\n\r\n\r\n\r\n\r\n<div class=\"wpb_text_column wpb_content_element\" >\r\n\t<div class=\"wpb_wrapper\">\r\n\t\t<p style=\"text-align: left;\"><span style=\"color: #333333;\"><i class=\"fa-solid fa-at\" style=\"padding-right: 0.5rem;\"><\/i><span style=\"color: #333333;\"><em><a style=\"color: #333333;\" href=\"mailto:barbora@blzk.sk\">barbora@blzk.sk<\/a><\/em><\/span><\/span><br \/>\n<span style=\"color: #333333;\"><em><i class=\"fa-brands fa-linkedin\" style=\"padding-right: 0.5rem;\"><\/i><a style=\"color: #333333;\" href=\"https:\/\/www.linkedin.com\/in\/barboraporkertova\/\" target=\"_blank\" rel=\"noopener\">barboraporkertova<\/a><\/em><\/span><\/p>\n\t<\/div>\r\n<\/div>\r\n\r\n\r\n\r\n\n\t\t<\/div> \n\t<\/div>\n\t<\/div> \n<\/div><\/div><div id=\"fws_69ef23f587994\" data-midnight=\"\" data-column-margin=\"default\" class=\"wpb_row vc_row-fluid vc_row inner_row\"  style=\"\"><div class=\"row-bg-wrap\"> <div class=\"row-bg\" ><\/div> <\/div><div class=\"row_col_wrap_12_inner col span_12  left\">\n\t<div  class=\"vc_col-sm-6 wpb_column column_container vc_column_container col child_column no-extra-padding el_spacing_0px inherit_tablet inherit_phone\"   data-padding-pos=\"all\" data-has-bg-color=\"false\" data-bg-color=\"\" data-bg-opacity=\"1\" data-animation=\"\" data-delay=\"0\">\n\t\t<div class=\"vc_column-inner\" >\n\t\t<div class=\"wpb_wrapper\">\n\t\t\t<div class=\"img-with-aniamtion-wrap\" data-max-width=\"100%\" data-max-width-mobile=\"default\" data-shadow=\"none\" data-animation=\"fade-in\" >\r\n      <div class=\"inner\">\r\n        <div class=\"hover-wrap\"> \r\n          <div class=\"hover-wrap-inner\">\r\n            <img class=\"img-with-animation skip-lazy\" data-delay=\"0\" height=\"4839\" width=\"3871\" data-animation=\"fade-in\" src=\"https:\/\/www.blzk.sk\/wp-content\/uploads\/2023\/11\/Bc.-Filip-Huraj-filip@blzk.sk_.jpg\" alt=\"\" srcset=\"https:\/\/www.blzk.sk\/wp-content\/uploads\/2023\/11\/Bc.-Filip-Huraj-filip@blzk.sk_.jpg 3871w, https:\/\/www.blzk.sk\/wp-content\/uploads\/2023\/11\/Bc.-Filip-Huraj-filip@blzk.sk_-240x300.jpg 240w, https:\/\/www.blzk.sk\/wp-content\/uploads\/2023\/11\/Bc.-Filip-Huraj-filip@blzk.sk_-819x1024.jpg 819w, https:\/\/www.blzk.sk\/wp-content\/uploads\/2023\/11\/Bc.-Filip-Huraj-filip@blzk.sk_-768x960.jpg 768w, https:\/\/www.blzk.sk\/wp-content\/uploads\/2023\/11\/Bc.-Filip-Huraj-filip@blzk.sk_-1229x1536.jpg 1229w, https:\/\/www.blzk.sk\/wp-content\/uploads\/2023\/11\/Bc.-Filip-Huraj-filip@blzk.sk_-1638x2048.jpg 1638w, https:\/\/www.blzk.sk\/wp-content\/uploads\/2023\/11\/Bc.-Filip-Huraj-filip@blzk.sk_-10x12.jpg 10w\" sizes=\"(min-width: 1450px) 75vw, (min-width: 1000px) 85vw, 100vw\" \/>\r\n          <\/div>\r\n        <\/div>\r\n      <\/div>\r\n    <\/div>\r\n<div class=\"wpb_text_column wpb_content_element\" >\r\n\t<div class=\"wpb_wrapper\">\r\n\t\t<p><strong>FILIP HURAJ<\/strong><\/p>\n\t<\/div>\r\n<\/div>\r\n\r\n\r\n\r\n\r\n<div class=\"wpb_text_column wpb_content_element\" >\r\n\t<div class=\"wpb_wrapper\">\r\n\t\t<p style=\"text-align: left;\"><span style=\"color: #333333;\"><i class=\"fa-solid fa-at\" style=\"padding-right: 0.5rem;\"><\/i><span style=\"color: #333333;\"><em><a style=\"color: #333333;\" href=\"mailto:filip@blzk.sk\">filip@blzk.sk<\/a><\/em><\/span><\/span><\/p>\n\t<\/div>\r\n<\/div>\r\n\r\n\r\n\r\n\n\t\t<\/div> \n\t<\/div>\n\t<\/div> \n<\/div><\/div>\n\t\t\t<\/div> \n\t\t<\/div>\n\t<\/div> \n<\/div><\/div>\r\n\t\t<div id=\"fws_69ef23f589688\"  data-column-margin=\"default\" data-midnight=\"dark\"  class=\"wpb_row vc_row-fluid vc_row\"  style=\"padding-top: 0px; padding-bottom: 0px; \"><div class=\"row-bg-wrap\" data-bg-animation=\"none\" data-bg-overlay=\"false\"><div class=\"inner-wrap\"><div class=\"row-bg\"  style=\"\"><\/div><\/div><\/div><div class=\"row_col_wrap_12 col span_12 dark left\">\n\t<div  class=\"vc_col-sm-12 wpb_column column_container vc_column_container col no-extra-padding inherit_tablet inherit_phone\"  data-padding-pos=\"all\" data-has-bg-color=\"false\" data-bg-color=\"\" data-bg-opacity=\"1\" data-animation=\"\" data-delay=\"0\" >\n\t\t<div class=\"vc_column-inner\" >\n\t\t\t<div class=\"wpb_wrapper\">\n\t\t\t\t\n\t<div class=\"wpb_raw_code wpb_raw_js\" >\n\t\t<div class=\"wpb_wrapper\">\n\t\t\t<script>\nif (document.URL.includes('\/en\/')) {\ndocument.title = \"About us\";\n}\n\n<\/script>\n\n\t\t<\/div>\n\t<\/div>\n\n\t\t\t<\/div> \n\t\t<\/div>\n\t<\/div> \n<\/div><\/div>","protected":false},"excerpt":{"rendered":"Kto s\u00fa BLZK architekti? Sme t\u00edm architektov a dizajn\u00e9rov, ktor\u00ed dok\u00e1\u017eu spoji\u0165 va\u0161e predstavy a n\u00e1\u0161 \u0161pecifick\u00fd rukopis, pre ktor\u00fd n\u00e1s klienti vyh\u013ead\u00e1vaj\u00fa. V\u00fdsledkom n\u00e1\u0161ho prepojenia vznikne jedine\u010dn\u00fd pr\u00edbeh v\u00e1\u0161ho...","protected":false},"author":2,"featured_media":0,"parent":0,"menu_order":0,"comment_status":"closed","ping_status":"closed","template":"","meta":{"footnotes":""},"yoast_head":"<!-- This site is optimized with the Yoast SEO plugin v21.1 - https:\/\/yoast.com\/wordpress\/plugins\/seo\/ -->\n<title>O n\u00e1s - BLZK<\/title>\n<meta name=\"robots\" content=\"index, follow, max-snippet:-1, max-image-preview:large, max-video-preview:-1\" \/>\n<link rel=\"canonical\" href=\"https:\/\/www.blzk.sk\/en\/o-nas\/\" \/>\n<meta property=\"og:locale\" content=\"en_GB\" \/>\n<meta property=\"og:type\" content=\"article\" \/>\n<meta property=\"og:title\" content=\"O n\u00e1s - BLZK\" \/>\n<meta property=\"og:url\" content=\"https:\/\/www.blzk.sk\/en\/o-nas\/\" \/>\n<meta property=\"og:site_name\" content=\"BLZK\" \/>\n<meta property=\"article:modified_time\" content=\"2025-08-04T19:02:56+00:00\" \/>\n<meta name=\"twitter:card\" content=\"summary_large_image\" \/>\n<meta name=\"twitter:label1\" content=\"Estimated reading time\" \/>\n\t<meta name=\"twitter:data1\" content=\"3 minutes\" \/>\n<script type=\"application\/ld+json\" class=\"yoast-schema-graph\">{\"@context\":\"https:\/\/schema.org\",\"@graph\":[{\"@type\":\"WebPage\",\"@id\":\"https:\/\/www.blzk.sk\/o-nas\/\",\"url\":\"https:\/\/www.blzk.sk\/o-nas\/\",\"name\":\"O n\u00e1s - BLZK\",\"isPartOf\":{\"@id\":\"https:\/\/www.blzk.sk\/#website\"},\"datePublished\":\"2022-01-29T16:02:25+00:00\",\"dateModified\":\"2025-08-04T19:02:56+00:00\",\"breadcrumb\":{\"@id\":\"https:\/\/www.blzk.sk\/o-nas\/#breadcrumb\"},\"inLanguage\":\"en-GB\",\"potentialAction\":[{\"@type\":\"ReadAction\",\"target\":[\"https:\/\/www.blzk.sk\/o-nas\/\"]}]},{\"@type\":\"BreadcrumbList\",\"@id\":\"https:\/\/www.blzk.sk\/o-nas\/#breadcrumb\",\"itemListElement\":[{\"@type\":\"ListItem\",\"position\":1,\"name\":\"Home\",\"item\":\"https:\/\/www.blzk.sk\/\"},{\"@type\":\"ListItem\",\"position\":2,\"name\":\"O n\u00e1s\"}]},{\"@type\":\"WebSite\",\"@id\":\"https:\/\/www.blzk.sk\/#website\",\"url\":\"https:\/\/www.blzk.sk\/\",\"name\":\"BLZK\",\"description\":\"architekt\u00fara a vizualiz\u00e1cie\",\"potentialAction\":[{\"@type\":\"SearchAction\",\"target\":{\"@type\":\"EntryPoint\",\"urlTemplate\":\"https:\/\/www.blzk.sk\/?s={search_term_string}\"},\"query-input\":\"required name=search_term_string\"}],\"inLanguage\":\"en-GB\"}]}<\/script>\n<!-- \/ Yoast SEO plugin. -->","yoast_head_json":{"title":"O n\u00e1s - BLZK","robots":{"index":"index","follow":"follow","max-snippet":"max-snippet:-1","max-image-preview":"max-image-preview:large","max-video-preview":"max-video-preview:-1"},"canonical":"https:\/\/www.blzk.sk\/en\/o-nas\/","og_locale":"en_GB","og_type":"article","og_title":"O n\u00e1s - BLZK","og_url":"https:\/\/www.blzk.sk\/en\/o-nas\/","og_site_name":"BLZK","article_modified_time":"2025-08-04T19:02:56+00:00","twitter_card":"summary_large_image","twitter_misc":{"Estimated reading time":"3 minutes"},"schema":{"@context":"https:\/\/schema.org","@graph":[{"@type":"WebPage","@id":"https:\/\/www.blzk.sk\/o-nas\/","url":"https:\/\/www.blzk.sk\/o-nas\/","name":"O n\u00e1s - BLZK","isPartOf":{"@id":"https:\/\/www.blzk.sk\/#website"},"datePublished":"2022-01-29T16:02:25+00:00","dateModified":"2025-08-04T19:02:56+00:00","breadcrumb":{"@id":"https:\/\/www.blzk.sk\/o-nas\/#breadcrumb"},"inLanguage":"en-GB","potentialAction":[{"@type":"ReadAction","target":["https:\/\/www.blzk.sk\/o-nas\/"]}]},{"@type":"BreadcrumbList","@id":"https:\/\/www.blzk.sk\/o-nas\/#breadcrumb","itemListElement":[{"@type":"ListItem","position":1,"name":"Home","item":"https:\/\/www.blzk.sk\/"},{"@type":"ListItem","position":2,"name":"O n\u00e1s"}]},{"@type":"WebSite","@id":"https:\/\/www.blzk.sk\/#website","url":"https:\/\/www.blzk.sk\/","name":"BLZK","description":"architekt\u00fara a vizualiz\u00e1cie","potentialAction":[{"@type":"SearchAction","target":{"@type":"EntryPoint","urlTemplate":"https:\/\/www.blzk.sk\/?s={search_term_string}"},"query-input":"required name=search_term_string"}],"inLanguage":"en-GB"}]}},"_links":{"self":[{"href":"https:\/\/www.blzk.sk\/en\/wp-json\/wp\/v2\/pages\/2590"}],"collection":[{"href":"https:\/\/www.blzk.sk\/en\/wp-json\/wp\/v2\/pages"}],"about":[{"href":"https:\/\/www.blzk.sk\/en\/wp-json\/wp\/v2\/types\/page"}],"author":[{"embeddable":true,"href":"https:\/\/www.blzk.sk\/en\/wp-json\/wp\/v2\/users\/2"}],"replies":[{"embeddable":true,"href":"https:\/\/www.blzk.sk\/en\/wp-json\/wp\/v2\/comments?post=2590"}],"version-history":[{"count":98,"href":"https:\/\/www.blzk.sk\/en\/wp-json\/wp\/v2\/pages\/2590\/revisions"}],"predecessor-version":[{"id":5061,"href":"https:\/\/www.blzk.sk\/en\/wp-json\/wp\/v2\/pages\/2590\/revisions\/5061"}],"wp:attachment":[{"href":"https:\/\/www.blzk.sk\/en\/wp-json\/wp\/v2\/media?parent=2590"}],"curies":[{"name":"wp","href":"https:\/\/api.w.org\/{rel}","templated":true}]}}